{"id":872,"date":"2018-10-02T13:04:45","date_gmt":"2018-10-02T11:04:45","guid":{"rendered":"http:\/\/vs-thaimassage.de.w01cdf4e.kasserver.com\/?post_type=product&#038;p=872"},"modified":"2025-12-07T16:22:03","modified_gmt":"2025-12-07T15:22:03","slug":"vs-zehnerkarte","status":"publish","type":"product","link":"https:\/\/vs-thaimassage.de\/nl\/produkt-nl\/vs-zehnerkarte\/","title":{"rendered":"VS Zehnerkarte"},"content":{"rendered":"<p>Mit unserer VS Zehnerkarte erwerben Sie 10 x eine Behandlung Ihrer Wahl. Dabei sparen Sie auch noch 10% auf den Gesamtpreis! Die Zehnerkarte wird Ihnen sowohl digital in Form eines Codes als auch physisch in Form einer Gutscheinkarte zugesendet. Sie k\u00f6nnen die Zehnerkarte einl\u00f6sen, indem Sie online bei einer Bestellung den zugeh\u00f6rigen Code in das Feld Gutschein-Code eintragen (10 x anwendbar), oder indem Sie die physische Gutscheinkarte mitbringen und vor Ort eine Massage buchen.<\/p>\n","protected":false},"excerpt":{"rendered":"<p>Mit unserer VS Zehnerkarte erwerben Sie 10 x eine Behandlung Ihrer Wahl. Dabei sparen Sie auch noch 10% auf den Gesamtpreis! Die Zehnerkarte wird Ihnen sowohl digital in Form eines Codes als auch physisch in Form einer Gutscheinkarte zugesendet. Sie k\u00f6nnen die Zehnerkarte einl\u00f6sen, indem Sie online bei einer Bestellung den zugeh\u00f6rigen Code in das Feld Gutschein-Code eintragen (10 x anwendbar), oder indem Sie die physische Gutscheinkarte mitbringen und vor Ort eine Massage buchen.<\/p>\n","protected":false},"featured_media":67633,"template":"","meta":{"_acf_changed":false},"product_brand":[],"product_cat":[52],"product_tag":[],"class_list":{"0":"post-872","1":"product","2":"type-product","3":"status-publish","4":"has-post-thumbnail","6":"product_cat-zehnerkarten","8":"first","9":"instock","10":"sale","11":"taxable","12":"shipping-taxable","13":"purchasable","14":"product-type-variable"},"acf":[],"yoast_head":"<!-- This site is optimized with the Yoast SEO plugin v27.3 - https:\/\/yoast.com\/product\/yoast-seo-wordpress\/ -->\n<title>VS Zehnerkarte - VS Thaimassage | 10 Massagen buchen &amp; 10% sparen<\/title>\n<meta name=\"description\" content=\"Unsere Zehnerkarte erlaubt 10 Behandlungen Ihrer Wahl mit einem Rabatt von 10%! Die Zehnerkarte wird Ihnen digital und physisch zugesendet.\" \/>\n<meta name=\"robots\" content=\"index, follow, max-snippet:-1, max-image-preview:large, max-video-preview:-1\" \/>\n<link rel=\"canonical\" href=\"https:\/\/vs-thaimassage.de\/produkt\/vs-zehnerkarte\/\" \/>\n<meta property=\"og:locale\" content=\"nl_NL\" \/>\n<meta property=\"og:type\" content=\"article\" \/>\n<meta property=\"og:title\" content=\"VS Zehnerkarte - VS Thaimassage | 10 Massagen buchen &amp; 10% sparen\" \/>\n<meta property=\"og:description\" content=\"Unsere Zehnerkarte erlaubt 10 Behandlungen Ihrer Wahl mit einem Rabatt von 10%! Die Zehnerkarte wird Ihnen digital und physisch zugesendet.\" \/>\n<meta property=\"og:url\" content=\"https:\/\/vs-thaimassage.de\/produkt\/vs-zehnerkarte\/\" \/>\n<meta property=\"og:site_name\" content=\"VS Thaimassage\" \/>\n<meta property=\"article:modified_time\" content=\"2025-12-07T15:22:03+00:00\" \/>\n<meta property=\"og:image\" content=\"https:\/\/vs-thaimassage.de\/wp-content\/uploads\/2022\/12\/Zehnerkarte-scaled.jpeg\" \/>\n\t<meta property=\"og:image:width\" content=\"2560\" \/>\n\t<meta property=\"og:image:height\" content=\"1702\" \/>\n\t<meta property=\"og:image:type\" content=\"image\/jpeg\" \/>\n<meta name=\"twitter:card\" content=\"summary_large_image\" \/>\n<meta name=\"twitter:label1\" content=\"Geschatte leestijd\" \/>\n\t<meta name=\"twitter:data1\" content=\"1 minuut\" \/>\n<script type=\"application\/ld+json\" class=\"yoast-schema-graph\">{\"@context\":\"https:\\\/\\\/schema.org\",\"@graph\":[{\"@type\":\"WebPage\",\"@id\":\"https:\\\/\\\/vs-thaimassage.de\\\/produkt\\\/vs-zehnerkarte\\\/\",\"url\":\"https:\\\/\\\/vs-thaimassage.de\\\/produkt\\\/vs-zehnerkarte\\\/\",\"name\":\"VS Zehnerkarte - VS Thaimassage | 10 Massagen buchen & 10% sparen\",\"isPartOf\":{\"@id\":\"https:\\\/\\\/vs-thaimassage.de\\\/#website\"},\"primaryImageOfPage\":{\"@id\":\"https:\\\/\\\/vs-thaimassage.de\\\/produkt\\\/vs-zehnerkarte\\\/#primaryimage\"},\"image\":{\"@id\":\"https:\\\/\\\/vs-thaimassage.de\\\/produkt\\\/vs-zehnerkarte\\\/#primaryimage\"},\"thumbnailUrl\":\"https:\\\/\\\/vs-thaimassage.de\\\/wp-content\\\/uploads\\\/2022\\\/12\\\/Zehnerkarte-scaled.jpeg\",\"datePublished\":\"2018-10-02T11:04:45+00:00\",\"dateModified\":\"2025-12-07T15:22:03+00:00\",\"description\":\"Unsere Zehnerkarte erlaubt 10 Behandlungen Ihrer Wahl mit einem Rabatt von 10%! Die Zehnerkarte wird Ihnen digital und physisch zugesendet.\",\"breadcrumb\":{\"@id\":\"https:\\\/\\\/vs-thaimassage.de\\\/produkt\\\/vs-zehnerkarte\\\/#breadcrumb\"},\"inLanguage\":\"nl-NL\",\"potentialAction\":[{\"@type\":\"ReadAction\",\"target\":[\"https:\\\/\\\/vs-thaimassage.de\\\/produkt\\\/vs-zehnerkarte\\\/\"]}]},{\"@type\":\"ImageObject\",\"inLanguage\":\"nl-NL\",\"@id\":\"https:\\\/\\\/vs-thaimassage.de\\\/produkt\\\/vs-zehnerkarte\\\/#primaryimage\",\"url\":\"https:\\\/\\\/vs-thaimassage.de\\\/wp-content\\\/uploads\\\/2022\\\/12\\\/Zehnerkarte-scaled.jpeg\",\"contentUrl\":\"https:\\\/\\\/vs-thaimassage.de\\\/wp-content\\\/uploads\\\/2022\\\/12\\\/Zehnerkarte-scaled.jpeg\",\"width\":2560,\"height\":1702},{\"@type\":\"BreadcrumbList\",\"@id\":\"https:\\\/\\\/vs-thaimassage.de\\\/produkt\\\/vs-zehnerkarte\\\/#breadcrumb\",\"itemListElement\":[{\"@type\":\"ListItem\",\"position\":1,\"name\":\"Frontpagina\",\"item\":\"https:\\\/\\\/vs-thaimassage.de\\\/nl\\\/\"},{\"@type\":\"ListItem\",\"position\":2,\"name\":\"shop\",\"item\":\"https:\\\/\\\/vs-thaimassage.de\\\/nl\\\/shop\\\/\"},{\"@type\":\"ListItem\",\"position\":3,\"name\":\"VS Zehnerkarte\"}]},{\"@type\":\"WebSite\",\"@id\":\"https:\\\/\\\/vs-thaimassage.de\\\/#website\",\"url\":\"https:\\\/\\\/vs-thaimassage.de\\\/\",\"name\":\"VS Thaimassage\",\"description\":\"Uw Thaise massagesalon van Wegberg\",\"publisher\":{\"@id\":\"https:\\\/\\\/vs-thaimassage.de\\\/#organization\"},\"potentialAction\":[{\"@type\":\"SearchAction\",\"target\":{\"@type\":\"EntryPoint\",\"urlTemplate\":\"https:\\\/\\\/vs-thaimassage.de\\\/?s={search_term_string}\"},\"query-input\":{\"@type\":\"PropertyValueSpecification\",\"valueRequired\":true,\"valueName\":\"search_term_string\"}}],\"inLanguage\":\"nl-NL\"},{\"@type\":\"Organization\",\"@id\":\"https:\\\/\\\/vs-thaimassage.de\\\/#organization\",\"name\":\"VS Thaimassage\",\"url\":\"https:\\\/\\\/vs-thaimassage.de\\\/\",\"logo\":{\"@type\":\"ImageObject\",\"inLanguage\":\"nl-NL\",\"@id\":\"https:\\\/\\\/vs-thaimassage.de\\\/#\\\/schema\\\/logo\\\/image\\\/\",\"url\":\"https:\\\/\\\/vs-thaimassage.de\\\/wp-content\\\/uploads\\\/2018\\\/09\\\/logo_xs.svg\",\"contentUrl\":\"https:\\\/\\\/vs-thaimassage.de\\\/wp-content\\\/uploads\\\/2018\\\/09\\\/logo_xs.svg\",\"width\":150,\"height\":149,\"caption\":\"VS Thaimassage\"},\"image\":{\"@id\":\"https:\\\/\\\/vs-thaimassage.de\\\/#\\\/schema\\\/logo\\\/image\\\/\"}}]}<\/script>\n<!-- \/ Yoast SEO plugin. -->","yoast_head_json":{"title":"VS Zehnerkarte - VS Thaimassage | 10 Massagen buchen & 10% sparen","description":"Unsere Zehnerkarte erlaubt 10 Behandlungen Ihrer Wahl mit einem Rabatt von 10%! Die Zehnerkarte wird Ihnen digital und physisch zugesendet.","robots":{"index":"index","follow":"follow","max-snippet":"max-snippet:-1","max-image-preview":"max-image-preview:large","max-video-preview":"max-video-preview:-1"},"canonical":"https:\/\/vs-thaimassage.de\/produkt\/vs-zehnerkarte\/","og_locale":"nl_NL","og_type":"article","og_title":"VS Zehnerkarte - VS Thaimassage | 10 Massagen buchen & 10% sparen","og_description":"Unsere Zehnerkarte erlaubt 10 Behandlungen Ihrer Wahl mit einem Rabatt von 10%! Die Zehnerkarte wird Ihnen digital und physisch zugesendet.","og_url":"https:\/\/vs-thaimassage.de\/produkt\/vs-zehnerkarte\/","og_site_name":"VS Thaimassage","article_modified_time":"2025-12-07T15:22:03+00:00","og_image":[{"width":2560,"height":1702,"url":"https:\/\/vs-thaimassage.de\/wp-content\/uploads\/2022\/12\/Zehnerkarte-scaled.jpeg","type":"image\/jpeg"}],"twitter_card":"summary_large_image","twitter_misc":{"Geschatte leestijd":"1 minuut"},"schema":{"@context":"https:\/\/schema.org","@graph":[{"@type":"WebPage","@id":"https:\/\/vs-thaimassage.de\/produkt\/vs-zehnerkarte\/","url":"https:\/\/vs-thaimassage.de\/produkt\/vs-zehnerkarte\/","name":"VS Zehnerkarte - VS Thaimassage | 10 Massagen buchen & 10% sparen","isPartOf":{"@id":"https:\/\/vs-thaimassage.de\/#website"},"primaryImageOfPage":{"@id":"https:\/\/vs-thaimassage.de\/produkt\/vs-zehnerkarte\/#primaryimage"},"image":{"@id":"https:\/\/vs-thaimassage.de\/produkt\/vs-zehnerkarte\/#primaryimage"},"thumbnailUrl":"https:\/\/vs-thaimassage.de\/wp-content\/uploads\/2022\/12\/Zehnerkarte-scaled.jpeg","datePublished":"2018-10-02T11:04:45+00:00","dateModified":"2025-12-07T15:22:03+00:00","description":"Unsere Zehnerkarte erlaubt 10 Behandlungen Ihrer Wahl mit einem Rabatt von 10%! Die Zehnerkarte wird Ihnen digital und physisch zugesendet.","breadcrumb":{"@id":"https:\/\/vs-thaimassage.de\/produkt\/vs-zehnerkarte\/#breadcrumb"},"inLanguage":"nl-NL","potentialAction":[{"@type":"ReadAction","target":["https:\/\/vs-thaimassage.de\/produkt\/vs-zehnerkarte\/"]}]},{"@type":"ImageObject","inLanguage":"nl-NL","@id":"https:\/\/vs-thaimassage.de\/produkt\/vs-zehnerkarte\/#primaryimage","url":"https:\/\/vs-thaimassage.de\/wp-content\/uploads\/2022\/12\/Zehnerkarte-scaled.jpeg","contentUrl":"https:\/\/vs-thaimassage.de\/wp-content\/uploads\/2022\/12\/Zehnerkarte-scaled.jpeg","width":2560,"height":1702},{"@type":"BreadcrumbList","@id":"https:\/\/vs-thaimassage.de\/produkt\/vs-zehnerkarte\/#breadcrumb","itemListElement":[{"@type":"ListItem","position":1,"name":"Frontpagina","item":"https:\/\/vs-thaimassage.de\/nl\/"},{"@type":"ListItem","position":2,"name":"shop","item":"https:\/\/vs-thaimassage.de\/nl\/shop\/"},{"@type":"ListItem","position":3,"name":"VS Zehnerkarte"}]},{"@type":"WebSite","@id":"https:\/\/vs-thaimassage.de\/#website","url":"https:\/\/vs-thaimassage.de\/","name":"VS Thaimassage","description":"Uw Thaise massagesalon van Wegberg","publisher":{"@id":"https:\/\/vs-thaimassage.de\/#organization"},"potentialAction":[{"@type":"SearchAction","target":{"@type":"EntryPoint","urlTemplate":"https:\/\/vs-thaimassage.de\/?s={search_term_string}"},"query-input":{"@type":"PropertyValueSpecification","valueRequired":true,"valueName":"search_term_string"}}],"inLanguage":"nl-NL"},{"@type":"Organization","@id":"https:\/\/vs-thaimassage.de\/#organization","name":"VS Thaimassage","url":"https:\/\/vs-thaimassage.de\/","logo":{"@type":"ImageObject","inLanguage":"nl-NL","@id":"https:\/\/vs-thaimassage.de\/#\/schema\/logo\/image\/","url":"https:\/\/vs-thaimassage.de\/wp-content\/uploads\/2018\/09\/logo_xs.svg","contentUrl":"https:\/\/vs-thaimassage.de\/wp-content\/uploads\/2018\/09\/logo_xs.svg","width":150,"height":149,"caption":"VS Thaimassage"},"image":{"@id":"https:\/\/vs-thaimassage.de\/#\/schema\/logo\/image\/"}}]}},"_links":{"self":[{"href":"https:\/\/vs-thaimassage.de\/nl\/wp-json\/wp\/v2\/product\/872","targetHints":{"allow":["GET"]}}],"collection":[{"href":"https:\/\/vs-thaimassage.de\/nl\/wp-json\/wp\/v2\/product"}],"about":[{"href":"https:\/\/vs-thaimassage.de\/nl\/wp-json\/wp\/v2\/types\/product"}],"wp:featuredmedia":[{"embeddable":true,"href":"https:\/\/vs-thaimassage.de\/nl\/wp-json\/wp\/v2\/media\/67633"}],"wp:attachment":[{"href":"https:\/\/vs-thaimassage.de\/nl\/wp-json\/wp\/v2\/media?parent=872"}],"wp:term":[{"taxonomy":"product_brand","embeddable":true,"href":"https:\/\/vs-thaimassage.de\/nl\/wp-json\/wp\/v2\/product_brand?post=872"},{"taxonomy":"product_cat","embeddable":true,"href":"https:\/\/vs-thaimassage.de\/nl\/wp-json\/wp\/v2\/product_cat?post=872"},{"taxonomy":"product_tag","embeddable":true,"href":"https:\/\/vs-thaimassage.de\/nl\/wp-json\/wp\/v2\/product_tag?post=872"}],"curies":[{"name":"wp","href":"https:\/\/api.w.org\/{rel}","templated":true}]}}