{"id":72954,"date":"2024-10-01T00:01:13","date_gmt":"2024-09-30T22:01:13","guid":{"rendered":"https:\/\/vs-thaimassage.de\/?post_type=product&#038;p=72954"},"modified":"2025-10-31T09:20:19","modified_gmt":"2025-10-31T08:20:19","slug":"partnertarif-vs-gesichtskosmetik-60-minuten","status":"publish","type":"product","link":"https:\/\/vs-thaimassage.de\/nl\/produkt-nl\/partnertarif-vs-gesichtskosmetik-60-minuten\/","title":{"rendered":"Partnertarif: VS Gesichtskosmetik: 60 Minuten"},"content":{"rendered":"<p>Unsere Haut ist t\u00e4glich den unterschiedlichsten Umweltfaktoren ausgesetzt. Zum Stressabbau ist eine kosmetische Gesichtsbehandlung der perfekte Kurzurlaub f\u00fcr Ihre Haut und Seele. Bei unserem Angebot der Gesichtspflege handelt es sich um kosmetische Gesichtsbehandlungen, die Ihre Haut mit allem versorgen, was sie speziell ben\u00f6tigt. Unsere kosmetische Behandlung ist sowohl f\u00fcr Frauen als auch f\u00fcr M\u00e4nner geeignet. W\u00e4hrend der Anwendung verwenden wir professionelle Produkte von \u201eVital Skins\u201c, die mit besonders schonenden und effektiven Inhaltsstoffen f\u00fcr jeden Hauttyp arbeiten. Bei uns werden Hals und Dekollet\u00e9 immer mitbehandelt und sind demnach im Preis inbegriffen. Eine kosmetische Gesichtsbehandlung wird von einer entsprechend geschulten Kosmetikerin ausgef\u00fchrt. Durch die Anwendung k\u00f6nnen Sie ein verbessertes Hautbild erlangen. Mit der Tiefenreinigung der Haut werden Unreinheiten beseitigt. Durch die Gesichtsmassage k\u00f6nnen Sie sich richtig entspannen, nebenbei wird die Durchblutung der Haut angeregt und der Lymphabfluss verbessert.<\/p>\n","protected":false},"excerpt":{"rendered":"<p>Unsere Haut ist t\u00e4glich den unterschiedlichsten Umweltfaktoren ausgesetzt. Zum Stressabbau ist eine kosmetische Gesichtsbehandlung der perfekte Kurzurlaub f\u00fcr Ihre Haut und Seele. Bei unserem Angebot der Gesichtspflege handelt es sich um kosmetische Gesichtsbehandlungen, die Ihre Haut mit allem versorgen, was sie speziell ben\u00f6tigt. Unsere kosmetische Behandlung ist sowohl f\u00fcr Frauen als auch f\u00fcr M\u00e4nner geeignet. W\u00e4hrend der Anwendung verwenden wir professionelle Produkte von \u201eVital Skins\u201c, die mit besonders schonenden und effektiven Inhaltsstoffen f\u00fcr jeden Hauttyp arbeiten. Bei uns werden Hals und Dekollet\u00e9 immer mitbehandelt und sind demnach im Preis inbegriffen. Eine kosmetische Gesichtsbehandlung wird von einer entsprechend geschulten Kosmetikerin ausgef\u00fchrt. Durch die Anwendung k\u00f6nnen Sie ein verbessertes Hautbild erlangen. Mit der Tiefenreinigung der Haut werden Unreinheiten beseitigt. Durch die Gesichtsmassage k\u00f6nnen Sie sich richtig entspannen, nebenbei wird die Durchblutung der Haut angeregt und der Lymphabfluss verbessert.<\/p>\n","protected":false},"featured_media":67523,"template":"","meta":{"_acf_changed":false},"product_brand":[],"product_cat":[125,110],"product_tag":[],"class_list":{"0":"post-72954","1":"product","2":"type-product","3":"status-publish","4":"has-post-thumbnail","6":"product_cat-vs-gesichtskosmetik","7":"product_cat-partner-booking","9":"first","10":"instock","11":"sale","12":"taxable","13":"shipping-taxable","14":"purchasable","15":"product-type-simple"},"acf":[],"yoast_head":"<!-- This site is optimized with the Yoast SEO plugin v27.3 - https:\/\/yoast.com\/product\/yoast-seo-wordpress\/ -->\n<title>Partnertarif: VS Gesichtskosmetik: 60 Minuten - VS Thaimassage | 5 Buchungen zum Sparpreis<\/title>\n<meta name=\"description\" content=\"Relax after work ist eine Kampagne, die f\u00fcnf Behandlungen einer Massage beinhaltet und Ihnen beim Entspannen nach der Arbeit helfen soll. Jetzt buchen.\" \/>\n<meta name=\"robots\" content=\"index, follow, max-snippet:-1, max-image-preview:large, max-video-preview:-1\" \/>\n<link rel=\"canonical\" href=\"https:\/\/vs-thaimassage.de\/nl\/produkt-nl\/partnertarif-vs-gesichtskosmetik-60-minuten\/\" \/>\n<meta property=\"og:locale\" content=\"nl_NL\" \/>\n<meta property=\"og:type\" content=\"article\" \/>\n<meta property=\"og:title\" content=\"Partnertarif: VS Gesichtskosmetik: 60 Minuten - VS Thaimassage | 5 Buchungen zum Sparpreis\" \/>\n<meta property=\"og:description\" content=\"Relax after work ist eine Kampagne, die f\u00fcnf Behandlungen einer Massage beinhaltet und Ihnen beim Entspannen nach der Arbeit helfen soll. Jetzt buchen.\" \/>\n<meta property=\"og:url\" content=\"https:\/\/vs-thaimassage.de\/nl\/produkt-nl\/partnertarif-vs-gesichtskosmetik-60-minuten\/\" \/>\n<meta property=\"og:site_name\" content=\"VS Thaimassage\" \/>\n<meta property=\"article:modified_time\" content=\"2025-10-31T08:20:19+00:00\" \/>\n<meta property=\"og:image\" content=\"https:\/\/vs-thaimassage.de\/wp-content\/uploads\/2018\/09\/Kopf-30-Min-Partner-2-1-scaled.jpeg\" \/>\n\t<meta property=\"og:image:width\" content=\"1702\" \/>\n\t<meta property=\"og:image:height\" content=\"2560\" \/>\n\t<meta property=\"og:image:type\" content=\"image\/jpeg\" \/>\n<meta name=\"twitter:card\" content=\"summary_large_image\" \/>\n<meta name=\"twitter:label1\" content=\"Geschatte leestijd\" \/>\n\t<meta name=\"twitter:data1\" content=\"1 minuut\" \/>\n<script type=\"application\/ld+json\" class=\"yoast-schema-graph\">{\"@context\":\"https:\\\/\\\/schema.org\",\"@graph\":[{\"@type\":\"WebPage\",\"@id\":\"https:\\\/\\\/vs-thaimassage.de\\\/nl\\\/produkt-nl\\\/partnertarif-vs-gesichtskosmetik-60-minuten\\\/\",\"url\":\"https:\\\/\\\/vs-thaimassage.de\\\/nl\\\/produkt-nl\\\/partnertarif-vs-gesichtskosmetik-60-minuten\\\/\",\"name\":\"Partnertarif: VS Gesichtskosmetik: 60 Minuten - VS Thaimassage | 5 Buchungen zum Sparpreis\",\"isPartOf\":{\"@id\":\"https:\\\/\\\/vs-thaimassage.de\\\/#website\"},\"primaryImageOfPage\":{\"@id\":\"https:\\\/\\\/vs-thaimassage.de\\\/nl\\\/produkt-nl\\\/partnertarif-vs-gesichtskosmetik-60-minuten\\\/#primaryimage\"},\"image\":{\"@id\":\"https:\\\/\\\/vs-thaimassage.de\\\/nl\\\/produkt-nl\\\/partnertarif-vs-gesichtskosmetik-60-minuten\\\/#primaryimage\"},\"thumbnailUrl\":\"https:\\\/\\\/vs-thaimassage.de\\\/wp-content\\\/uploads\\\/2018\\\/09\\\/Kopf-30-Min-Partner-2-1-scaled.jpeg\",\"datePublished\":\"2024-09-30T22:01:13+00:00\",\"dateModified\":\"2025-10-31T08:20:19+00:00\",\"description\":\"Relax after work ist eine Kampagne, die f\u00fcnf Behandlungen einer Massage beinhaltet und Ihnen beim Entspannen nach der Arbeit helfen soll. Jetzt buchen.\",\"breadcrumb\":{\"@id\":\"https:\\\/\\\/vs-thaimassage.de\\\/nl\\\/produkt-nl\\\/partnertarif-vs-gesichtskosmetik-60-minuten\\\/#breadcrumb\"},\"inLanguage\":\"nl-NL\",\"potentialAction\":[{\"@type\":\"ReadAction\",\"target\":[\"https:\\\/\\\/vs-thaimassage.de\\\/nl\\\/produkt-nl\\\/partnertarif-vs-gesichtskosmetik-60-minuten\\\/\"]}]},{\"@type\":\"ImageObject\",\"inLanguage\":\"nl-NL\",\"@id\":\"https:\\\/\\\/vs-thaimassage.de\\\/nl\\\/produkt-nl\\\/partnertarif-vs-gesichtskosmetik-60-minuten\\\/#primaryimage\",\"url\":\"https:\\\/\\\/vs-thaimassage.de\\\/wp-content\\\/uploads\\\/2018\\\/09\\\/Kopf-30-Min-Partner-2-1-scaled.jpeg\",\"contentUrl\":\"https:\\\/\\\/vs-thaimassage.de\\\/wp-content\\\/uploads\\\/2018\\\/09\\\/Kopf-30-Min-Partner-2-1-scaled.jpeg\",\"width\":1702,\"height\":2560,\"caption\":\"Kopf 30 Min Partner\"},{\"@type\":\"BreadcrumbList\",\"@id\":\"https:\\\/\\\/vs-thaimassage.de\\\/nl\\\/produkt-nl\\\/partnertarif-vs-gesichtskosmetik-60-minuten\\\/#breadcrumb\",\"itemListElement\":[{\"@type\":\"ListItem\",\"position\":1,\"name\":\"Frontpagina\",\"item\":\"https:\\\/\\\/vs-thaimassage.de\\\/nl\\\/\"},{\"@type\":\"ListItem\",\"position\":2,\"name\":\"shop\",\"item\":\"https:\\\/\\\/vs-thaimassage.de\\\/nl\\\/shop\\\/\"},{\"@type\":\"ListItem\",\"position\":3,\"name\":\"Partnertarif: VS Gesichtskosmetik: 60 Minuten\"}]},{\"@type\":\"WebSite\",\"@id\":\"https:\\\/\\\/vs-thaimassage.de\\\/#website\",\"url\":\"https:\\\/\\\/vs-thaimassage.de\\\/\",\"name\":\"VS Thaimassage\",\"description\":\"Uw Thaise massagesalon van Wegberg\",\"publisher\":{\"@id\":\"https:\\\/\\\/vs-thaimassage.de\\\/#organization\"},\"potentialAction\":[{\"@type\":\"SearchAction\",\"target\":{\"@type\":\"EntryPoint\",\"urlTemplate\":\"https:\\\/\\\/vs-thaimassage.de\\\/?s={search_term_string}\"},\"query-input\":{\"@type\":\"PropertyValueSpecification\",\"valueRequired\":true,\"valueName\":\"search_term_string\"}}],\"inLanguage\":\"nl-NL\"},{\"@type\":\"Organization\",\"@id\":\"https:\\\/\\\/vs-thaimassage.de\\\/#organization\",\"name\":\"VS Thaimassage\",\"url\":\"https:\\\/\\\/vs-thaimassage.de\\\/\",\"logo\":{\"@type\":\"ImageObject\",\"inLanguage\":\"nl-NL\",\"@id\":\"https:\\\/\\\/vs-thaimassage.de\\\/#\\\/schema\\\/logo\\\/image\\\/\",\"url\":\"https:\\\/\\\/vs-thaimassage.de\\\/wp-content\\\/uploads\\\/2018\\\/09\\\/logo_xs.svg\",\"contentUrl\":\"https:\\\/\\\/vs-thaimassage.de\\\/wp-content\\\/uploads\\\/2018\\\/09\\\/logo_xs.svg\",\"width\":150,\"height\":149,\"caption\":\"VS Thaimassage\"},\"image\":{\"@id\":\"https:\\\/\\\/vs-thaimassage.de\\\/#\\\/schema\\\/logo\\\/image\\\/\"}}]}<\/script>\n<!-- \/ Yoast SEO plugin. -->","yoast_head_json":{"title":"Partnertarif: VS Gesichtskosmetik: 60 Minuten - VS Thaimassage | 5 Buchungen zum Sparpreis","description":"Relax after work ist eine Kampagne, die f\u00fcnf Behandlungen einer Massage beinhaltet und Ihnen beim Entspannen nach der Arbeit helfen soll. Jetzt buchen.","robots":{"index":"index","follow":"follow","max-snippet":"max-snippet:-1","max-image-preview":"max-image-preview:large","max-video-preview":"max-video-preview:-1"},"canonical":"https:\/\/vs-thaimassage.de\/nl\/produkt-nl\/partnertarif-vs-gesichtskosmetik-60-minuten\/","og_locale":"nl_NL","og_type":"article","og_title":"Partnertarif: VS Gesichtskosmetik: 60 Minuten - VS Thaimassage | 5 Buchungen zum Sparpreis","og_description":"Relax after work ist eine Kampagne, die f\u00fcnf Behandlungen einer Massage beinhaltet und Ihnen beim Entspannen nach der Arbeit helfen soll. Jetzt buchen.","og_url":"https:\/\/vs-thaimassage.de\/nl\/produkt-nl\/partnertarif-vs-gesichtskosmetik-60-minuten\/","og_site_name":"VS Thaimassage","article_modified_time":"2025-10-31T08:20:19+00:00","og_image":[{"width":1702,"height":2560,"url":"https:\/\/vs-thaimassage.de\/wp-content\/uploads\/2018\/09\/Kopf-30-Min-Partner-2-1-scaled.jpeg","type":"image\/jpeg"}],"twitter_card":"summary_large_image","twitter_misc":{"Geschatte leestijd":"1 minuut"},"schema":{"@context":"https:\/\/schema.org","@graph":[{"@type":"WebPage","@id":"https:\/\/vs-thaimassage.de\/nl\/produkt-nl\/partnertarif-vs-gesichtskosmetik-60-minuten\/","url":"https:\/\/vs-thaimassage.de\/nl\/produkt-nl\/partnertarif-vs-gesichtskosmetik-60-minuten\/","name":"Partnertarif: VS Gesichtskosmetik: 60 Minuten - VS Thaimassage | 5 Buchungen zum Sparpreis","isPartOf":{"@id":"https:\/\/vs-thaimassage.de\/#website"},"primaryImageOfPage":{"@id":"https:\/\/vs-thaimassage.de\/nl\/produkt-nl\/partnertarif-vs-gesichtskosmetik-60-minuten\/#primaryimage"},"image":{"@id":"https:\/\/vs-thaimassage.de\/nl\/produkt-nl\/partnertarif-vs-gesichtskosmetik-60-minuten\/#primaryimage"},"thumbnailUrl":"https:\/\/vs-thaimassage.de\/wp-content\/uploads\/2018\/09\/Kopf-30-Min-Partner-2-1-scaled.jpeg","datePublished":"2024-09-30T22:01:13+00:00","dateModified":"2025-10-31T08:20:19+00:00","description":"Relax after work ist eine Kampagne, die f\u00fcnf Behandlungen einer Massage beinhaltet und Ihnen beim Entspannen nach der Arbeit helfen soll. Jetzt buchen.","breadcrumb":{"@id":"https:\/\/vs-thaimassage.de\/nl\/produkt-nl\/partnertarif-vs-gesichtskosmetik-60-minuten\/#breadcrumb"},"inLanguage":"nl-NL","potentialAction":[{"@type":"ReadAction","target":["https:\/\/vs-thaimassage.de\/nl\/produkt-nl\/partnertarif-vs-gesichtskosmetik-60-minuten\/"]}]},{"@type":"ImageObject","inLanguage":"nl-NL","@id":"https:\/\/vs-thaimassage.de\/nl\/produkt-nl\/partnertarif-vs-gesichtskosmetik-60-minuten\/#primaryimage","url":"https:\/\/vs-thaimassage.de\/wp-content\/uploads\/2018\/09\/Kopf-30-Min-Partner-2-1-scaled.jpeg","contentUrl":"https:\/\/vs-thaimassage.de\/wp-content\/uploads\/2018\/09\/Kopf-30-Min-Partner-2-1-scaled.jpeg","width":1702,"height":2560,"caption":"Kopf 30 Min Partner"},{"@type":"BreadcrumbList","@id":"https:\/\/vs-thaimassage.de\/nl\/produkt-nl\/partnertarif-vs-gesichtskosmetik-60-minuten\/#breadcrumb","itemListElement":[{"@type":"ListItem","position":1,"name":"Frontpagina","item":"https:\/\/vs-thaimassage.de\/nl\/"},{"@type":"ListItem","position":2,"name":"shop","item":"https:\/\/vs-thaimassage.de\/nl\/shop\/"},{"@type":"ListItem","position":3,"name":"Partnertarif: VS Gesichtskosmetik: 60 Minuten"}]},{"@type":"WebSite","@id":"https:\/\/vs-thaimassage.de\/#website","url":"https:\/\/vs-thaimassage.de\/","name":"VS Thaimassage","description":"Uw Thaise massagesalon van Wegberg","publisher":{"@id":"https:\/\/vs-thaimassage.de\/#organization"},"potentialAction":[{"@type":"SearchAction","target":{"@type":"EntryPoint","urlTemplate":"https:\/\/vs-thaimassage.de\/?s={search_term_string}"},"query-input":{"@type":"PropertyValueSpecification","valueRequired":true,"valueName":"search_term_string"}}],"inLanguage":"nl-NL"},{"@type":"Organization","@id":"https:\/\/vs-thaimassage.de\/#organization","name":"VS Thaimassage","url":"https:\/\/vs-thaimassage.de\/","logo":{"@type":"ImageObject","inLanguage":"nl-NL","@id":"https:\/\/vs-thaimassage.de\/#\/schema\/logo\/image\/","url":"https:\/\/vs-thaimassage.de\/wp-content\/uploads\/2018\/09\/logo_xs.svg","contentUrl":"https:\/\/vs-thaimassage.de\/wp-content\/uploads\/2018\/09\/logo_xs.svg","width":150,"height":149,"caption":"VS Thaimassage"},"image":{"@id":"https:\/\/vs-thaimassage.de\/#\/schema\/logo\/image\/"}}]}},"_links":{"self":[{"href":"https:\/\/vs-thaimassage.de\/nl\/wp-json\/wp\/v2\/product\/72954","targetHints":{"allow":["GET"]}}],"collection":[{"href":"https:\/\/vs-thaimassage.de\/nl\/wp-json\/wp\/v2\/product"}],"about":[{"href":"https:\/\/vs-thaimassage.de\/nl\/wp-json\/wp\/v2\/types\/product"}],"wp:featuredmedia":[{"embeddable":true,"href":"https:\/\/vs-thaimassage.de\/nl\/wp-json\/wp\/v2\/media\/67523"}],"wp:attachment":[{"href":"https:\/\/vs-thaimassage.de\/nl\/wp-json\/wp\/v2\/media?parent=72954"}],"wp:term":[{"taxonomy":"product_brand","embeddable":true,"href":"https:\/\/vs-thaimassage.de\/nl\/wp-json\/wp\/v2\/product_brand?post=72954"},{"taxonomy":"product_cat","embeddable":true,"href":"https:\/\/vs-thaimassage.de\/nl\/wp-json\/wp\/v2\/product_cat?post=72954"},{"taxonomy":"product_tag","embeddable":true,"href":"https:\/\/vs-thaimassage.de\/nl\/wp-json\/wp\/v2\/product_tag?post=72954"}],"curies":[{"name":"wp","href":"https:\/\/api.w.org\/{rel}","templated":true}]}}