{"id":564,"date":"2018-09-19T19:17:34","date_gmt":"2018-09-19T17:17:34","guid":{"rendered":"http:\/\/vs-thaimassage.de.w01cdf4e.kasserver.com\/?post_type=product&#038;p=564"},"modified":"2025-10-01T04:13:53","modified_gmt":"2025-10-01T02:13:53","slug":"vs-geschenkgutschein","status":"publish","type":"product","link":"https:\/\/vs-thaimassage.de\/nl\/produkt-nl\/vs-geschenkgutschein\/","title":{"rendered":"VS Geschenkgutschein"},"content":{"rendered":"<p>Mit unserem VS Geschenkgutschein kannst du deinen Liebsten eine Freude machen, indem du ihnen eine Behandlung schenkst. Der Geschenkgutschein kann sowohl im Salon abgeholt werden, als auch per Versand an Ihre oder an die Adresse der beschenkten Person gesendet werden. Gleichzeitig erhalten Sie nach Fertigstellung Ihrer Bestellung den Gutscheincode und k\u00f6nnen diesen hier in unserem Onlineshop f\u00fcr Ihre n\u00e4chste Buchung verwenden. Die physische Variante des Geschenkgutscheins ist optional, der Code alleine reicht f\u00fcr die kostenlose Behandlung aus.<\/p>\n","protected":false},"excerpt":{"rendered":"<p>Mit unserem VS Geschenkgutschein kannst du deinen Liebsten eine Freude machen, indem du ihnen eine Behandlung schenkst. Der Geschenkgutschein kann sowohl im Salon abgeholt werden, als auch per Versand an Ihre oder an die Adresse der beschenkten Person gesendet werden. Gleichzeitig erhalten Sie nach Fertigstellung Ihrer Bestellung den Gutscheincode und k\u00f6nnen diesen hier in unserem Onlineshop f\u00fcr Ihre n\u00e4chste Buchung verwenden. Die physische Variante des Geschenkgutscheins ist optional, der Code alleine reicht f\u00fcr die kostenlose Behandlung aus.<\/p>\n","protected":false},"featured_media":67635,"template":"","meta":{"_acf_changed":false},"product_brand":[],"product_cat":[38],"product_tag":[],"class_list":{"0":"post-564","1":"product","2":"type-product","3":"status-publish","4":"has-post-thumbnail","6":"product_cat-gutscheine","8":"first","9":"instock","10":"sale","11":"taxable","12":"shipping-taxable","13":"purchasable","14":"product-type-variable","15":"has-default-attributes"},"acf":[],"yoast_head":"<!-- This site is optimized with the Yoast SEO plugin v27.3 - https:\/\/yoast.com\/product\/yoast-seo-wordpress\/ -->\n<title>VS Geschenkgutschein - VS Thaimassage<\/title>\n<meta name=\"robots\" content=\"index, follow, max-snippet:-1, max-image-preview:large, max-video-preview:-1\" \/>\n<link rel=\"canonical\" href=\"https:\/\/vs-thaimassage.de\/produkt\/vs-geschenkgutschein\/\" \/>\n<meta property=\"og:locale\" content=\"nl_NL\" \/>\n<meta property=\"og:type\" content=\"article\" \/>\n<meta property=\"og:title\" content=\"VS Geschenkgutschein - VS Thaimassage\" \/>\n<meta property=\"og:description\" content=\"Mit unserem VS Geschenkgutschein kannst du deinen Liebsten eine Freude machen, indem du ihnen eine Behandlung schenkst. Der Geschenkgutschein kann sowohl im Salon abgeholt werden, als auch per Versand an Ihre oder an die Adresse der beschenkten Person gesendet werden. Gleichzeitig erhalten Sie nach Fertigstellung Ihrer Bestellung den Gutscheincode und k\u00f6nnen diesen hier in unserem Onlineshop f\u00fcr Ihre n\u00e4chste Buchung verwenden. Die physische Variante des Geschenkgutscheins ist optional, der Code alleine reicht f\u00fcr die kostenlose Behandlung aus.\" \/>\n<meta property=\"og:url\" content=\"https:\/\/vs-thaimassage.de\/produkt\/vs-geschenkgutschein\/\" \/>\n<meta property=\"og:site_name\" content=\"VS Thaimassage\" \/>\n<meta property=\"article:modified_time\" content=\"2025-10-01T02:13:53+00:00\" \/>\n<meta property=\"og:image\" content=\"https:\/\/vs-thaimassage.de\/wp-content\/uploads\/2022\/12\/Einzel-beliebig-13-scaled.jpeg\" \/>\n\t<meta property=\"og:image:width\" content=\"2560\" \/>\n\t<meta property=\"og:image:height\" content=\"1702\" \/>\n\t<meta property=\"og:image:type\" content=\"image\/jpeg\" \/>\n<meta name=\"twitter:card\" content=\"summary_large_image\" \/>\n<meta name=\"twitter:label1\" content=\"Geschatte leestijd\" \/>\n\t<meta name=\"twitter:data1\" content=\"1 minuut\" \/>\n<script type=\"application\/ld+json\" class=\"yoast-schema-graph\">{\"@context\":\"https:\\\/\\\/schema.org\",\"@graph\":[{\"@type\":\"WebPage\",\"@id\":\"https:\\\/\\\/vs-thaimassage.de\\\/produkt\\\/vs-geschenkgutschein\\\/\",\"url\":\"https:\\\/\\\/vs-thaimassage.de\\\/produkt\\\/vs-geschenkgutschein\\\/\",\"name\":\"VS Geschenkgutschein - VS Thaimassage\",\"isPartOf\":{\"@id\":\"https:\\\/\\\/vs-thaimassage.de\\\/#website\"},\"primaryImageOfPage\":{\"@id\":\"https:\\\/\\\/vs-thaimassage.de\\\/produkt\\\/vs-geschenkgutschein\\\/#primaryimage\"},\"image\":{\"@id\":\"https:\\\/\\\/vs-thaimassage.de\\\/produkt\\\/vs-geschenkgutschein\\\/#primaryimage\"},\"thumbnailUrl\":\"https:\\\/\\\/vs-thaimassage.de\\\/wp-content\\\/uploads\\\/2022\\\/12\\\/Einzel-beliebig-13-scaled.jpeg\",\"datePublished\":\"2018-09-19T17:17:34+00:00\",\"dateModified\":\"2025-10-01T02:13:53+00:00\",\"breadcrumb\":{\"@id\":\"https:\\\/\\\/vs-thaimassage.de\\\/produkt\\\/vs-geschenkgutschein\\\/#breadcrumb\"},\"inLanguage\":\"nl-NL\",\"potentialAction\":[{\"@type\":\"ReadAction\",\"target\":[\"https:\\\/\\\/vs-thaimassage.de\\\/produkt\\\/vs-geschenkgutschein\\\/\"]}]},{\"@type\":\"ImageObject\",\"inLanguage\":\"nl-NL\",\"@id\":\"https:\\\/\\\/vs-thaimassage.de\\\/produkt\\\/vs-geschenkgutschein\\\/#primaryimage\",\"url\":\"https:\\\/\\\/vs-thaimassage.de\\\/wp-content\\\/uploads\\\/2022\\\/12\\\/Einzel-beliebig-13-scaled.jpeg\",\"contentUrl\":\"https:\\\/\\\/vs-thaimassage.de\\\/wp-content\\\/uploads\\\/2022\\\/12\\\/Einzel-beliebig-13-scaled.jpeg\",\"width\":2560,\"height\":1702},{\"@type\":\"BreadcrumbList\",\"@id\":\"https:\\\/\\\/vs-thaimassage.de\\\/produkt\\\/vs-geschenkgutschein\\\/#breadcrumb\",\"itemListElement\":[{\"@type\":\"ListItem\",\"position\":1,\"name\":\"Frontpagina\",\"item\":\"https:\\\/\\\/vs-thaimassage.de\\\/nl\\\/\"},{\"@type\":\"ListItem\",\"position\":2,\"name\":\"shop\",\"item\":\"https:\\\/\\\/vs-thaimassage.de\\\/nl\\\/shop\\\/\"},{\"@type\":\"ListItem\",\"position\":3,\"name\":\"VS Geschenkgutschein\"}]},{\"@type\":\"WebSite\",\"@id\":\"https:\\\/\\\/vs-thaimassage.de\\\/#website\",\"url\":\"https:\\\/\\\/vs-thaimassage.de\\\/\",\"name\":\"VS Thaimassage\",\"description\":\"Uw Thaise massagesalon van Wegberg\",\"publisher\":{\"@id\":\"https:\\\/\\\/vs-thaimassage.de\\\/#organization\"},\"potentialAction\":[{\"@type\":\"SearchAction\",\"target\":{\"@type\":\"EntryPoint\",\"urlTemplate\":\"https:\\\/\\\/vs-thaimassage.de\\\/?s={search_term_string}\"},\"query-input\":{\"@type\":\"PropertyValueSpecification\",\"valueRequired\":true,\"valueName\":\"search_term_string\"}}],\"inLanguage\":\"nl-NL\"},{\"@type\":\"Organization\",\"@id\":\"https:\\\/\\\/vs-thaimassage.de\\\/#organization\",\"name\":\"VS Thaimassage\",\"url\":\"https:\\\/\\\/vs-thaimassage.de\\\/\",\"logo\":{\"@type\":\"ImageObject\",\"inLanguage\":\"nl-NL\",\"@id\":\"https:\\\/\\\/vs-thaimassage.de\\\/#\\\/schema\\\/logo\\\/image\\\/\",\"url\":\"https:\\\/\\\/vs-thaimassage.de\\\/wp-content\\\/uploads\\\/2018\\\/09\\\/logo_xs.svg\",\"contentUrl\":\"https:\\\/\\\/vs-thaimassage.de\\\/wp-content\\\/uploads\\\/2018\\\/09\\\/logo_xs.svg\",\"width\":150,\"height\":149,\"caption\":\"VS Thaimassage\"},\"image\":{\"@id\":\"https:\\\/\\\/vs-thaimassage.de\\\/#\\\/schema\\\/logo\\\/image\\\/\"}}]}<\/script>\n<!-- \/ Yoast SEO plugin. -->","yoast_head_json":{"title":"VS Geschenkgutschein - VS Thaimassage","robots":{"index":"index","follow":"follow","max-snippet":"max-snippet:-1","max-image-preview":"max-image-preview:large","max-video-preview":"max-video-preview:-1"},"canonical":"https:\/\/vs-thaimassage.de\/produkt\/vs-geschenkgutschein\/","og_locale":"nl_NL","og_type":"article","og_title":"VS Geschenkgutschein - VS Thaimassage","og_description":"Mit unserem VS Geschenkgutschein kannst du deinen Liebsten eine Freude machen, indem du ihnen eine Behandlung schenkst. Der Geschenkgutschein kann sowohl im Salon abgeholt werden, als auch per Versand an Ihre oder an die Adresse der beschenkten Person gesendet werden. Gleichzeitig erhalten Sie nach Fertigstellung Ihrer Bestellung den Gutscheincode und k\u00f6nnen diesen hier in unserem Onlineshop f\u00fcr Ihre n\u00e4chste Buchung verwenden. Die physische Variante des Geschenkgutscheins ist optional, der Code alleine reicht f\u00fcr die kostenlose Behandlung aus.","og_url":"https:\/\/vs-thaimassage.de\/produkt\/vs-geschenkgutschein\/","og_site_name":"VS Thaimassage","article_modified_time":"2025-10-01T02:13:53+00:00","og_image":[{"width":2560,"height":1702,"url":"https:\/\/vs-thaimassage.de\/wp-content\/uploads\/2022\/12\/Einzel-beliebig-13-scaled.jpeg","type":"image\/jpeg"}],"twitter_card":"summary_large_image","twitter_misc":{"Geschatte leestijd":"1 minuut"},"schema":{"@context":"https:\/\/schema.org","@graph":[{"@type":"WebPage","@id":"https:\/\/vs-thaimassage.de\/produkt\/vs-geschenkgutschein\/","url":"https:\/\/vs-thaimassage.de\/produkt\/vs-geschenkgutschein\/","name":"VS Geschenkgutschein - VS Thaimassage","isPartOf":{"@id":"https:\/\/vs-thaimassage.de\/#website"},"primaryImageOfPage":{"@id":"https:\/\/vs-thaimassage.de\/produkt\/vs-geschenkgutschein\/#primaryimage"},"image":{"@id":"https:\/\/vs-thaimassage.de\/produkt\/vs-geschenkgutschein\/#primaryimage"},"thumbnailUrl":"https:\/\/vs-thaimassage.de\/wp-content\/uploads\/2022\/12\/Einzel-beliebig-13-scaled.jpeg","datePublished":"2018-09-19T17:17:34+00:00","dateModified":"2025-10-01T02:13:53+00:00","breadcrumb":{"@id":"https:\/\/vs-thaimassage.de\/produkt\/vs-geschenkgutschein\/#breadcrumb"},"inLanguage":"nl-NL","potentialAction":[{"@type":"ReadAction","target":["https:\/\/vs-thaimassage.de\/produkt\/vs-geschenkgutschein\/"]}]},{"@type":"ImageObject","inLanguage":"nl-NL","@id":"https:\/\/vs-thaimassage.de\/produkt\/vs-geschenkgutschein\/#primaryimage","url":"https:\/\/vs-thaimassage.de\/wp-content\/uploads\/2022\/12\/Einzel-beliebig-13-scaled.jpeg","contentUrl":"https:\/\/vs-thaimassage.de\/wp-content\/uploads\/2022\/12\/Einzel-beliebig-13-scaled.jpeg","width":2560,"height":1702},{"@type":"BreadcrumbList","@id":"https:\/\/vs-thaimassage.de\/produkt\/vs-geschenkgutschein\/#breadcrumb","itemListElement":[{"@type":"ListItem","position":1,"name":"Frontpagina","item":"https:\/\/vs-thaimassage.de\/nl\/"},{"@type":"ListItem","position":2,"name":"shop","item":"https:\/\/vs-thaimassage.de\/nl\/shop\/"},{"@type":"ListItem","position":3,"name":"VS Geschenkgutschein"}]},{"@type":"WebSite","@id":"https:\/\/vs-thaimassage.de\/#website","url":"https:\/\/vs-thaimassage.de\/","name":"VS Thaimassage","description":"Uw Thaise massagesalon van Wegberg","publisher":{"@id":"https:\/\/vs-thaimassage.de\/#organization"},"potentialAction":[{"@type":"SearchAction","target":{"@type":"EntryPoint","urlTemplate":"https:\/\/vs-thaimassage.de\/?s={search_term_string}"},"query-input":{"@type":"PropertyValueSpecification","valueRequired":true,"valueName":"search_term_string"}}],"inLanguage":"nl-NL"},{"@type":"Organization","@id":"https:\/\/vs-thaimassage.de\/#organization","name":"VS Thaimassage","url":"https:\/\/vs-thaimassage.de\/","logo":{"@type":"ImageObject","inLanguage":"nl-NL","@id":"https:\/\/vs-thaimassage.de\/#\/schema\/logo\/image\/","url":"https:\/\/vs-thaimassage.de\/wp-content\/uploads\/2018\/09\/logo_xs.svg","contentUrl":"https:\/\/vs-thaimassage.de\/wp-content\/uploads\/2018\/09\/logo_xs.svg","width":150,"height":149,"caption":"VS Thaimassage"},"image":{"@id":"https:\/\/vs-thaimassage.de\/#\/schema\/logo\/image\/"}}]}},"_links":{"self":[{"href":"https:\/\/vs-thaimassage.de\/nl\/wp-json\/wp\/v2\/product\/564","targetHints":{"allow":["GET"]}}],"collection":[{"href":"https:\/\/vs-thaimassage.de\/nl\/wp-json\/wp\/v2\/product"}],"about":[{"href":"https:\/\/vs-thaimassage.de\/nl\/wp-json\/wp\/v2\/types\/product"}],"wp:featuredmedia":[{"embeddable":true,"href":"https:\/\/vs-thaimassage.de\/nl\/wp-json\/wp\/v2\/media\/67635"}],"wp:attachment":[{"href":"https:\/\/vs-thaimassage.de\/nl\/wp-json\/wp\/v2\/media?parent=564"}],"wp:term":[{"taxonomy":"product_brand","embeddable":true,"href":"https:\/\/vs-thaimassage.de\/nl\/wp-json\/wp\/v2\/product_brand?post=564"},{"taxonomy":"product_cat","embeddable":true,"href":"https:\/\/vs-thaimassage.de\/nl\/wp-json\/wp\/v2\/product_cat?post=564"},{"taxonomy":"product_tag","embeddable":true,"href":"https:\/\/vs-thaimassage.de\/nl\/wp-json\/wp\/v2\/product_tag?post=564"}],"curies":[{"name":"wp","href":"https:\/\/api.w.org\/{rel}","templated":true}]}}