{"id":79196,"date":"2026-03-26T11:52:30","date_gmt":"2026-03-26T10:52:30","guid":{"rendered":"https:\/\/vs-thaimassage.de\/?page_id=79196"},"modified":"2026-04-13T10:09:49","modified_gmt":"2026-04-13T08:09:49","slug":"aktionen-preise-und-stundenplan","status":"publish","type":"page","link":"https:\/\/vs-thaimassage.de\/nl\/aktionen-preise-und-stundenplan\/","title":{"rendered":"Aktionen, Preise und Stundenplan"},"content":{"rendered":"<div id=\"pl-79196\"  class=\"panel-layout\" ><div id=\"pg-79196-0\"  class=\"panel-grid panel-no-style\" ><div id=\"pgc-79196-0-0\"  class=\"panel-grid-cell\" ><div id=\"panel-79196-0-0-0\" class=\"widget_text so-panel widget widget_custom_html panel-first-child\" data-index=\"0\" ><div class=\"textwidget custom-html-widget\"><section style=\"font-family: Arial, sans-serif; color: #333; line-height: 1.6; max-width: 1100px; margin: 0 auto;\">\n\n  <h2 style=\"font-size: 32px; margin-bottom: 24px;\">Er\u00f6ffnung steht bevor!<\/h2>\n\n  <div style=\"overflow-x: auto; margin-bottom: 40px;\">\n    <p>Am <strong>06. Mai 2026<\/strong> \u00f6ffnet unsere <strong>\u201eJurte\u201c<\/strong> ab <strong>15:00 Uhr<\/strong> ihre T\u00fcren und l\u00e4dt alle Interessierten herzlich ein, sich selbst ein Bild von den zuk\u00fcnftigen R\u00e4umlichkeiten unserer Yogakurse zu machen.<\/p>\n\n<p>Bei hoffentlich sch\u00f6nem Wetter steht Ihnen die Organisatorin und Inhaberin von <strong>\u201eLove and Lights Yoga\u201c<\/strong>, <strong>Yasamin Pick<\/strong>, f\u00fcr alle organisatorischen Fragen gerne Rede und Antwort.<\/p>\n\n<p>F\u00fcr den praktischen Teil ist unsere Yogalehrerin <strong>Victoria Fast<\/strong> verantwortlich. Fragen rund um die Kurse und die Yoga-Praxis k\u00f6nnen direkt mit ihr besprochen werden.<\/p>\n\n<p>Auch <strong>Jasna Malogorski<\/strong> von <strong>VS Thaimassage und Wellness<\/strong> wird vor Ort sein und den administrativen Bereich begleiten.<\/p>\n\n<p>Um <strong>17:30 Uhr<\/strong> findet eine von <strong>Victoria Fast<\/strong> konzipierte und angeleitete <strong>\u201eSchnupperstunde\u201c<\/strong> statt.<\/p>\n\n<p>Dabei werden beide Yogaarten vorgestellt. Das Mitmachen ist ausdr\u00fccklich erw\u00fcnscht und f\u00fcr einen kleinen Obolus von <strong>15,00&nbsp;\u20ac<\/strong> m\u00f6glich.<\/p>\n\n<p>Im Anschluss haben Sie die M\u00f6glichkeit, sich direkt zum <strong>Vorteilspreis der Early-Bird-Aktion<\/strong> anzumelden: <strong>180,00&nbsp;\u20ac statt 225,00&nbsp;\u20ac<\/strong> f\u00fcr den ersten Kurs.<\/p>\n\n<p><strong>Sie sparen 45,00&nbsp;\u20ac bzw. 20&nbsp;%!<\/strong><\/p>\n\n<p>F\u00fcr gute Laune und kalte Getr\u00e4nke ist selbstverst\u00e4ndlich gesorgt.<\/p>\n\n<p>Wir freuen uns sehr \u00fcber zahlreiches Erscheinen und darauf, Ihnen unser neues Angebot ganz unverbindlich vorzustellen.<\/p>\n\n<p><strong>Also bis zum 06. Mai 2026 ab 15:00 Uhr<br>\nHeuchterstra\u00dfe 66\u201368<\/strong><\/p>\n\n<p>Liebe Gr\u00fc\u00dfe<\/p>\n\n<p><strong>Yasamin Pick und Team<\/strong><\/p>\n\n  <\/div><\/div><\/div><div id=\"panel-79196-0-0-1\" class=\"widget_text so-panel widget widget_custom_html\" data-index=\"1\" ><div class=\"textwidget custom-html-widget\"><section style=\"font-family: Arial, sans-serif; color: #333; line-height: 1.6; max-width: 1100px; margin: 0 auto;\">\n\n  <h2 style=\"font-size: 32px; margin-bottom: 24px;\">Kurszeiten &amp; Termine<\/h2>\n\n  <div style=\"overflow-x: auto; margin-bottom: 40px;\">\n    <table style=\"width: 100%; border-collapse: collapse; min-width: 700px;\">\n      <thead>\n        <tr style=\"background-color: #f4f4f4;\">\n          <th style=\"text-align: left; padding: 14px; border-bottom: 2px solid #ddd;\">Wochentag<\/th>\n          <th style=\"text-align: left; padding: 14px; border-bottom: 2px solid #ddd;\">Termine<\/th>\n          <th style=\"text-align: left; padding: 14px; border-bottom: 2px solid #ddd;\">Uhrzeit<\/th>\n          <th style=\"text-align: left; padding: 14px; border-bottom: 2px solid #ddd;\">Yogastil<\/th>\n        <\/tr>\n      <\/thead>\n      <tbody>\n        <tr>\n          <td style=\"padding: 14px; border-bottom: 1px solid #eee; vertical-align: top;\" rowspan=\"4\"><strong>Donnerstag<\/strong><\/td>\n          <td style=\"padding: 14px; border-bottom: 1px solid #eee; vertical-align: top;\" rowspan=\"4\">14.05. \u00b7 21.05. \u00b7 28.05. \u00b7 04.06. \u00b7 11.06.<\/td>\n          <td style=\"padding: 14px; border-bottom: 1px solid #eee;\">09:00 \u2013 10:30<\/td>\n          <td style=\"padding: 14px; border-bottom: 1px solid #eee;\">Yin Yoga<\/td>\n        <\/tr>\n        <tr>\n          <td style=\"padding: 14px; border-bottom: 1px solid #eee;\">11:00 \u2013 12:30<\/td>\n          <td style=\"padding: 14px; border-bottom: 1px solid #eee;\">Hatha Yoga<\/td>\n        <\/tr>\n        <tr>\n          <td style=\"padding: 14px; border-bottom: 1px solid #eee;\">17:00 \u2013 18:30<\/td>\n          <td style=\"padding: 14px; border-bottom: 1px solid #eee;\">Hatha Yoga<\/td>\n        <\/tr>\n        <tr>\n          <td style=\"padding: 14px; border-bottom: 1px solid #eee;\">19:00 \u2013 20:30<\/td>\n          <td style=\"padding: 14px; border-bottom: 1px solid #eee;\">Yin Yoga<\/td>\n        <\/tr>\n\n        <tr>\n          <td style=\"padding: 14px; border-bottom: 1px solid #eee; vertical-align: top;\" rowspan=\"4\"><strong>Freitag<\/strong><\/td>\n          <td style=\"padding: 14px; border-bottom: 1px solid #eee; vertical-align: top;\" rowspan=\"4\">15.05. \u00b7 22.05. \u00b7 29.05. \u00b7 05.06. \u00b7 12.06.<\/td>\n          <td style=\"padding: 14px; border-bottom: 1px solid #eee;\">09:00 \u2013 10:30<\/td>\n          <td style=\"padding: 14px; border-bottom: 1px solid #eee;\">Hatha Yoga<\/td>\n        <\/tr>\n        <tr>\n          <td style=\"padding: 14px; border-bottom: 1px solid #eee;\">11:00 \u2013 12:30<\/td>\n          <td style=\"padding: 14px; border-bottom: 1px solid #eee;\">Yin Yoga<\/td>\n        <\/tr>\n        <tr>\n          <td style=\"padding: 14px; border-bottom: 1px solid #eee;\">17:00 \u2013 18:30<\/td>\n          <td style=\"padding: 14px; border-bottom: 1px solid #eee;\">Hatha Yoga<\/td>\n        <\/tr>\n        <tr>\n          <td style=\"padding: 14px; border-bottom: 1px solid #eee;\">19:00 \u2013 20:30<\/td>\n          <td style=\"padding: 14px; border-bottom: 1px solid #eee;\">Yin Yoga<\/td>\n        <\/tr>\n\n        <tr>\n          <td style=\"padding: 14px; border-bottom: 1px solid #eee; vertical-align: top;\" rowspan=\"4\"><strong>Samstag<\/strong><\/td>\n          <td style=\"padding: 14px; border-bottom: 1px solid #eee; vertical-align: top;\" rowspan=\"4\">16.05. \u00b7 23.05. \u00b7 30.05. \u00b7 06.06. \u00b7 13.06.<\/td>\n          <td style=\"padding: 14px; border-bottom: 1px solid #eee;\">09:00 \u2013 10:30<\/td>\n          <td style=\"padding: 14px; border-bottom: 1px solid #eee;\">Yin Yoga<\/td>\n        <\/tr>\n        <tr>\n          <td style=\"padding: 14px; border-bottom: 1px solid #eee;\">11:00 \u2013 12:30<\/td>\n          <td style=\"padding: 14px; border-bottom: 1px solid #eee;\">Hatha Yoga<\/td>\n        <\/tr>\n        <tr>\n          <td style=\"padding: 14px; border-bottom: 1px solid #eee;\">17:00 \u2013 18:30<\/td>\n          <td style=\"padding: 14px; border-bottom: 1px solid #eee;\">Hatha Yoga<\/td>\n        <\/tr>\n        <tr>\n          <td style=\"padding: 14px; border-bottom: 1px solid #eee;\">19:00 \u2013 20:30<\/td>\n          <td style=\"padding: 14px; border-bottom: 1px solid #eee;\">Yin Yoga<\/td>\n        <\/tr>\n      <\/tbody>\n    <\/table>\n  <\/div><\/div><\/div><div id=\"panel-79196-0-0-2\" class=\"widget_text so-panel widget widget_custom_html panel-last-child\" data-index=\"2\" ><div class=\"textwidget custom-html-widget\"><section style=\"font-family: Arial, sans-serif; color: #333; line-height: 1.6; max-width: 1100px; margin: 0 auto;\">\n\n  <h2 style=\"font-size: 32px; margin-bottom: 24px;\">Preisoptionen<\/h2>\n\n  <div style=\"display: grid; gap: 24px;\">\n\n    <!-- Kurskarte -->\n    <div style=\"padding: 24px; border: 1px solid #e5e5e5; border-radius: 12px; background: #fafafa;\">\n      <h3>Kurskarte: \u20ac 225,00<\/h3>\n      <p><strong>inkl. MwSt. i.H.v. 19%<\/strong><\/p>\n      <p>Teilnahme an f\u00fcnf Yogaeinheiten \u00e0 90 Minuten zu festen Zeiten.<\/p>\n      <a href=\"https:\/\/www.eversports.de\/org\/product\/affb717f-6174-4aee-a16c-118c9f9f07ad?venueId=fe6cb28f-dbb4-4575-94a7-d364d3c6ce3a\"\n         style=\"display:inline-block; margin-top:16px; background-color:#F29C52; color:#fff; padding:12px 24px; border-radius:6px; text-decoration:none; font-weight:600;\">\n         Zur Buchung\n      <\/a>\n    <\/div>\n\n    <!-- Doppelkarte -->\n    <div style=\"padding: 24px; border: 1px solid #e5e5e5; border-radius: 12px; background: #fafafa;\">\n      <h3>Doppel-\/Partnerkurskarte: \u20ac 400,00<\/h3>\n      <p><strong>inkl. MwSt. i.H.v. 19%<\/strong><\/p>\n      <p>2\u00d7 f\u00fcnf Yogaeinheiten \u00e0 90 Minuten \u2013 ideal f\u00fcr 2 Teilnehmer oder Kombi-Kurse.<\/p>\n      <a href=\"https:\/\/www.eversports.de\/org\/product\/bb917951-5c55-406e-8cd9-7b1cb280461e?venueId=fe6cb28f-dbb4-4575-94a7-d364d3c6ce3a\"\n         style=\"display:inline-block; margin-top:16px; background-color:#F29C52; color:#fff; padding:12px 24px; border-radius:6px; text-decoration:none; font-weight:600;\">\n         Zur Buchung\n      <\/a>\n    <\/div>\n\n    <!-- 10er Karte -->\n    <div style=\"padding: 24px; border: 1px solid #e5e5e5; border-radius: 12px; background: #fafafa;\">\n      <h3>10er Karte: \u20ac 500,00<\/h3>\n      <p><strong>inkl. MwSt. i.H.v. 19%<\/strong><\/p>\n      <p>10 frei w\u00e4hlbare Yogaeinheiten (6 Monate g\u00fcltig).<\/p>\n      <a href=\"https:\/\/www.eversports.de\/org\/product\/63df5d29-7838-499f-bb12-247182c7c5d0?venueId=fe6cb28f-dbb4-4575-94a7-d364d3c6ce3a\"\n         style=\"display:inline-block; margin-top:16px; background-color:#F29C52; color:#fff; padding:12px 24px; border-radius:6px; text-decoration:none; font-weight:600;\">\n         Zur Buchung\n      <\/a>\n    <\/div>\n\n    <!-- Schnupper -->\n    <div style=\"padding: 24px; border: 1px solid #e5e5e5; border-radius: 12px; background: #fafafa;\">\n      <h3>Schnupper-Einzelticket: \u20ac 60,00<\/h3>\n      <p>Einmalige Teilnahme an einer Yogaeinheit \u00e0 90 Minuten.<\/p>\n      <a href=\"https:\/\/www.eversports.de\/org\/product\/fbf3e473-f154-487a-8933-67cffc945159?venueId=fe6cb28f-dbb4-4575-94a7-d364d3c6ce3a\"\n         style=\"display:inline-block; margin-top:16px; background-color:#F29C52; color:#fff; padding:12px 24px; border-radius:6px; text-decoration:none; font-weight:600;\">\n         Jetzt ausprobieren\n      <\/a>\n    <\/div>\n\n  <\/div>\n\n<\/section><\/div><\/div><\/div><div id=\"pgc-79196-0-1\"  class=\"panel-grid-cell\" ><div id=\"panel-79196-0-1-0\" class=\"so-panel widget widget_media_image panel-first-child panel-last-child\" data-index=\"3\" ><img loading=\"lazy\" decoding=\"async\" width=\"1000\" height=\"2165\" src=\"https:\/\/vs-thaimassage.de\/wp-content\/uploads\/2026\/03\/Love-and-Lights-Logo-1.png\" class=\"image wp-image-79181  attachment-full size-full\" alt=\"\" style=\"max-width: 100%; height: auto;\" srcset=\"https:\/\/vs-thaimassage.de\/wp-content\/uploads\/2026\/03\/Love-and-Lights-Logo-1.png 1000w, https:\/\/vs-thaimassage.de\/wp-content\/uploads\/2026\/03\/Love-and-Lights-Logo-1-139x300.png 139w, https:\/\/vs-thaimassage.de\/wp-content\/uploads\/2026\/03\/Love-and-Lights-Logo-1-473x1024.png 473w, https:\/\/vs-thaimassage.de\/wp-content\/uploads\/2026\/03\/Love-and-Lights-Logo-1-768x1663.png 768w, https:\/\/vs-thaimassage.de\/wp-content\/uploads\/2026\/03\/Love-and-Lights-Logo-1-709x1536.png 709w, https:\/\/vs-thaimassage.de\/wp-content\/uploads\/2026\/03\/Love-and-Lights-Logo-1-946x2048.png 946w, https:\/\/vs-thaimassage.de\/wp-content\/uploads\/2026\/03\/Love-and-Lights-Logo-1-600x1299.png 600w\" sizes=\"auto, (max-width: 1000px) 100vw, 1000px\" \/><\/div><\/div><\/div><div id=\"pg-79196-1\"  class=\"panel-grid panel-has-style\" ><div class=\"siteorigin-panels-stretch panel-row-style panel-row-style-for-79196-1\" id=\"kurse\" data-stretch-type=\"full\" ><div id=\"pgc-79196-1-0\"  class=\"panel-grid-cell\" ><div id=\"panel-79196-1-0-0\" class=\"widget_text so-panel widget widget_custom_html panel-first-child panel-last-child\" data-index=\"4\" ><h3 class=\"widget-title\">Kurszeiten &#038; Termine<\/h3><div class=\"textwidget custom-html-widget\"><div data-eversports-widget-id=\"ef3f15f9-16c8-4e4c-931f-5f525da34deb\">\n<!--F\u00fcge das Skript nur einmal pro Seite ein.--><\/div>\n<script type=\"module\" src=\"https:\/\/widget-static.eversports.io\/loader.js\" async defer><\/script><\/div><\/div><\/div><\/div><\/div><\/div>","protected":false},"excerpt":{"rendered":"<p>Er\u00f6ffnung steht bevor! Am 06. Mai 2026 \u00f6ffnet unsere \u201eJurte\u201c ab 15:00 Uhr ihre T\u00fcren und l\u00e4dt alle Interessierten herzlich<\/p>\n","protected":false},"author":1,"featured_media":0,"parent":0,"menu_order":0,"comment_status":"closed","ping_status":"closed","template":"","meta":{"_acf_changed":false,"footnotes":""},"class_list":["post-79196","page","type-page","status-publish","hentry"],"acf":[],"yoast_head":"<!-- This site is optimized with the Yoast SEO plugin v27.5 - https:\/\/yoast.com\/product\/yoast-seo-wordpress\/ -->\n<title>Aktionen, Preise und Stundenplan - VS Thaimassage<\/title>\n<meta name=\"robots\" content=\"index, follow, max-snippet:-1, max-image-preview:large, max-video-preview:-1\" \/>\n<link rel=\"canonical\" href=\"https:\/\/vs-thaimassage.de\/aktionen-preise-und-stundenplan\/\" \/>\n<meta property=\"og:locale\" content=\"nl_NL\" \/>\n<meta property=\"og:type\" content=\"article\" \/>\n<meta property=\"og:title\" content=\"Aktionen, Preise und Stundenplan - VS Thaimassage\" \/>\n<meta property=\"og:description\" content=\"Er\u00f6ffnung steht bevor! Am 06. Mai 2026 \u00f6ffnet unsere \u201eJurte\u201c ab 15:00 Uhr ihre T\u00fcren und l\u00e4dt alle Interessierten herzlich\" \/>\n<meta property=\"og:url\" content=\"https:\/\/vs-thaimassage.de\/aktionen-preise-und-stundenplan\/\" \/>\n<meta property=\"og:site_name\" content=\"VS Thaimassage\" \/>\n<meta property=\"article:modified_time\" content=\"2026-04-13T08:09:49+00:00\" \/>\n<meta name=\"twitter:card\" content=\"summary_large_image\" \/>\n<meta name=\"twitter:label1\" content=\"Geschatte leestijd\" \/>\n\t<meta name=\"twitter:data1\" content=\"3 minuten\" \/>\n<script type=\"application\/ld+json\" class=\"yoast-schema-graph\">{\"@context\":\"https:\\\/\\\/schema.org\",\"@graph\":[{\"@type\":\"WebPage\",\"@id\":\"https:\\\/\\\/vs-thaimassage.de\\\/aktionen-preise-und-stundenplan\\\/\",\"url\":\"https:\\\/\\\/vs-thaimassage.de\\\/aktionen-preise-und-stundenplan\\\/\",\"name\":\"Aktionen, Preise und Stundenplan - VS Thaimassage\",\"isPartOf\":{\"@id\":\"https:\\\/\\\/vs-thaimassage.de\\\/#website\"},\"datePublished\":\"2026-03-26T10:52:30+00:00\",\"dateModified\":\"2026-04-13T08:09:49+00:00\",\"breadcrumb\":{\"@id\":\"https:\\\/\\\/vs-thaimassage.de\\\/aktionen-preise-und-stundenplan\\\/#breadcrumb\"},\"inLanguage\":\"nl-NL\",\"potentialAction\":[{\"@type\":\"ReadAction\",\"target\":[\"https:\\\/\\\/vs-thaimassage.de\\\/aktionen-preise-und-stundenplan\\\/\"]}]},{\"@type\":\"BreadcrumbList\",\"@id\":\"https:\\\/\\\/vs-thaimassage.de\\\/aktionen-preise-und-stundenplan\\\/#breadcrumb\",\"itemListElement\":[{\"@type\":\"ListItem\",\"position\":1,\"name\":\"Frontpagina\",\"item\":\"https:\\\/\\\/vs-thaimassage.de\\\/nl\\\/\"},{\"@type\":\"ListItem\",\"position\":2,\"name\":\"Aktionen, Preise und Stundenplan\"}]},{\"@type\":\"WebSite\",\"@id\":\"https:\\\/\\\/vs-thaimassage.de\\\/#website\",\"url\":\"https:\\\/\\\/vs-thaimassage.de\\\/\",\"name\":\"VS Thaimassage\",\"description\":\"Uw Thaise massagesalon van Wegberg\",\"publisher\":{\"@id\":\"https:\\\/\\\/vs-thaimassage.de\\\/#organization\"},\"potentialAction\":[{\"@type\":\"SearchAction\",\"target\":{\"@type\":\"EntryPoint\",\"urlTemplate\":\"https:\\\/\\\/vs-thaimassage.de\\\/?s={search_term_string}\"},\"query-input\":{\"@type\":\"PropertyValueSpecification\",\"valueRequired\":true,\"valueName\":\"search_term_string\"}}],\"inLanguage\":\"nl-NL\"},{\"@type\":\"Organization\",\"@id\":\"https:\\\/\\\/vs-thaimassage.de\\\/#organization\",\"name\":\"VS Thaimassage\",\"url\":\"https:\\\/\\\/vs-thaimassage.de\\\/\",\"logo\":{\"@type\":\"ImageObject\",\"inLanguage\":\"nl-NL\",\"@id\":\"https:\\\/\\\/vs-thaimassage.de\\\/#\\\/schema\\\/logo\\\/image\\\/\",\"url\":\"https:\\\/\\\/vs-thaimassage.de\\\/wp-content\\\/uploads\\\/2018\\\/09\\\/logo_xs.svg\",\"contentUrl\":\"https:\\\/\\\/vs-thaimassage.de\\\/wp-content\\\/uploads\\\/2018\\\/09\\\/logo_xs.svg\",\"width\":150,\"height\":149,\"caption\":\"VS Thaimassage\"},\"image\":{\"@id\":\"https:\\\/\\\/vs-thaimassage.de\\\/#\\\/schema\\\/logo\\\/image\\\/\"}}]}<\/script>\n<!-- \/ Yoast SEO plugin. -->","yoast_head_json":{"title":"Aktionen, Preise und Stundenplan - VS Thaimassage","robots":{"index":"index","follow":"follow","max-snippet":"max-snippet:-1","max-image-preview":"max-image-preview:large","max-video-preview":"max-video-preview:-1"},"canonical":"https:\/\/vs-thaimassage.de\/aktionen-preise-und-stundenplan\/","og_locale":"nl_NL","og_type":"article","og_title":"Aktionen, Preise und Stundenplan - VS Thaimassage","og_description":"Er\u00f6ffnung steht bevor! Am 06. Mai 2026 \u00f6ffnet unsere \u201eJurte\u201c ab 15:00 Uhr ihre T\u00fcren und l\u00e4dt alle Interessierten herzlich","og_url":"https:\/\/vs-thaimassage.de\/aktionen-preise-und-stundenplan\/","og_site_name":"VS Thaimassage","article_modified_time":"2026-04-13T08:09:49+00:00","twitter_card":"summary_large_image","twitter_misc":{"Geschatte leestijd":"3 minuten"},"schema":{"@context":"https:\/\/schema.org","@graph":[{"@type":"WebPage","@id":"https:\/\/vs-thaimassage.de\/aktionen-preise-und-stundenplan\/","url":"https:\/\/vs-thaimassage.de\/aktionen-preise-und-stundenplan\/","name":"Aktionen, Preise und Stundenplan - VS Thaimassage","isPartOf":{"@id":"https:\/\/vs-thaimassage.de\/#website"},"datePublished":"2026-03-26T10:52:30+00:00","dateModified":"2026-04-13T08:09:49+00:00","breadcrumb":{"@id":"https:\/\/vs-thaimassage.de\/aktionen-preise-und-stundenplan\/#breadcrumb"},"inLanguage":"nl-NL","potentialAction":[{"@type":"ReadAction","target":["https:\/\/vs-thaimassage.de\/aktionen-preise-und-stundenplan\/"]}]},{"@type":"BreadcrumbList","@id":"https:\/\/vs-thaimassage.de\/aktionen-preise-und-stundenplan\/#breadcrumb","itemListElement":[{"@type":"ListItem","position":1,"name":"Frontpagina","item":"https:\/\/vs-thaimassage.de\/nl\/"},{"@type":"ListItem","position":2,"name":"Aktionen, Preise und Stundenplan"}]},{"@type":"WebSite","@id":"https:\/\/vs-thaimassage.de\/#website","url":"https:\/\/vs-thaimassage.de\/","name":"VS Thaimassage","description":"Uw Thaise massagesalon van Wegberg","publisher":{"@id":"https:\/\/vs-thaimassage.de\/#organization"},"potentialAction":[{"@type":"SearchAction","target":{"@type":"EntryPoint","urlTemplate":"https:\/\/vs-thaimassage.de\/?s={search_term_string}"},"query-input":{"@type":"PropertyValueSpecification","valueRequired":true,"valueName":"search_term_string"}}],"inLanguage":"nl-NL"},{"@type":"Organization","@id":"https:\/\/vs-thaimassage.de\/#organization","name":"VS Thaimassage","url":"https:\/\/vs-thaimassage.de\/","logo":{"@type":"ImageObject","inLanguage":"nl-NL","@id":"https:\/\/vs-thaimassage.de\/#\/schema\/logo\/image\/","url":"https:\/\/vs-thaimassage.de\/wp-content\/uploads\/2018\/09\/logo_xs.svg","contentUrl":"https:\/\/vs-thaimassage.de\/wp-content\/uploads\/2018\/09\/logo_xs.svg","width":150,"height":149,"caption":"VS Thaimassage"},"image":{"@id":"https:\/\/vs-thaimassage.de\/#\/schema\/logo\/image\/"}}]}},"_links":{"self":[{"href":"https:\/\/vs-thaimassage.de\/nl\/wp-json\/wp\/v2\/pages\/79196","targetHints":{"allow":["GET"]}}],"collection":[{"href":"https:\/\/vs-thaimassage.de\/nl\/wp-json\/wp\/v2\/pages"}],"about":[{"href":"https:\/\/vs-thaimassage.de\/nl\/wp-json\/wp\/v2\/types\/page"}],"author":[{"embeddable":true,"href":"https:\/\/vs-thaimassage.de\/nl\/wp-json\/wp\/v2\/users\/1"}],"replies":[{"embeddable":true,"href":"https:\/\/vs-thaimassage.de\/nl\/wp-json\/wp\/v2\/comments?post=79196"}],"version-history":[{"count":6,"href":"https:\/\/vs-thaimassage.de\/nl\/wp-json\/wp\/v2\/pages\/79196\/revisions"}],"predecessor-version":[{"id":79403,"href":"https:\/\/vs-thaimassage.de\/nl\/wp-json\/wp\/v2\/pages\/79196\/revisions\/79403"}],"wp:attachment":[{"href":"https:\/\/vs-thaimassage.de\/nl\/wp-json\/wp\/v2\/media?parent=79196"}],"curies":[{"name":"wp","href":"https:\/\/api.w.org\/{rel}","templated":true}]}}