{"id":79194,"date":"2026-03-26T11:48:15","date_gmt":"2026-03-26T10:48:15","guid":{"rendered":"https:\/\/vs-thaimassage.de\/?page_id=79194"},"modified":"2026-03-26T11:48:15","modified_gmt":"2026-03-26T10:48:15","slug":"praeventionskurse","status":"publish","type":"page","link":"https:\/\/vs-thaimassage.de\/nl\/praeventionskurse\/","title":{"rendered":"Pr\u00e4ventionskurse"},"content":{"rendered":"<div id=\"pl-79194\"  class=\"panel-layout\" ><div id=\"pg-79194-0\"  class=\"panel-grid panel-no-style\" ><div id=\"pgc-79194-0-0\"  class=\"panel-grid-cell\" ><div id=\"panel-79194-0-0-0\" class=\"so-panel widget widget_text panel-first-child panel-last-child\" data-index=\"0\" ><h3 class=\"widget-title\">Hatha-Yoga Pr\u00e4ventionskurse<\/h3>\t\t\t<div class=\"textwidget\"><p>Du praktizierst die Krankenkasse zahlt mit!<br \/>\nHatha- Yin Yoga Pr\u00e4ventionskurse mit Krankenkassen-Zuschuss Hatha und Yin Yoga ist f\u00fcr K\u00f6rper Geist und Seele.<\/p>\n<p><strong>Deine Vorteile auf einen Blick:<\/strong><br \/>\nBis zu \u20ac 150,00 Erstattung je Kurs durch deine Krankenkasse (z.B. TK) f\u00fcr max. zwei Kurse pro Jahr. (zertifiziert nach \u00a720 SGB V)<\/p>\n<p>Keine Voraussetzungen n\u00f6tig \u2013 jeder kann teilnehmen<br \/>\nZweimal j\u00e4hrlich nutzbar<br \/>\nKursleitung: (zertifizierte Kursleiterin)<br \/>\nYoga-Stil: Hatha &amp; Yin Yoga wird von Krankenkassen anerkannt<\/p>\n<p><strong>Ablauf der Yoga Pr\u00e4ventionskurse<\/strong><br \/>\nUnsere Pr\u00e4ventionskurse laufen \u00fcber 10 Wochen. Damit der Kurs von deiner Krankenkasse anerkannt wird, solltest du mindestens 8 von 10 Einheiten \u00e0 90 Minuten besuchen.<br \/>\nErst mit dieser Anmeldung wird dein Platz verbindlich reserviert. Die aktuellen Kurszeiten entnimm bitte unserem Stundenplan.<\/p>\n<p><strong>So funktioniert die Erstattung:<\/strong><br \/>\nNach Kursende erh\u00e4ltst du eine Bescheinigung f\u00fcr deine Krankenkasse. Innerhalb weniger Tage bekommst du dein Geld zur\u00fcck.<\/p>\n<\/div>\n\t\t<\/div><\/div><div id=\"pgc-79194-0-1\"  class=\"panel-grid-cell\" ><div id=\"panel-79194-0-1-0\" class=\"so-panel widget widget_media_image panel-first-child panel-last-child\" data-index=\"1\" ><img loading=\"lazy\" decoding=\"async\" width=\"1000\" height=\"1333\" src=\"https:\/\/vs-thaimassage.de\/wp-content\/uploads\/2026\/03\/IMG_5291-1.jpg\" class=\"image wp-image-79049  attachment-full size-full\" alt=\"\" style=\"max-width: 100%; height: auto;\" srcset=\"https:\/\/vs-thaimassage.de\/wp-content\/uploads\/2026\/03\/IMG_5291-1.jpg 1000w, https:\/\/vs-thaimassage.de\/wp-content\/uploads\/2026\/03\/IMG_5291-1-225x300.jpg 225w, https:\/\/vs-thaimassage.de\/wp-content\/uploads\/2026\/03\/IMG_5291-1-768x1024.jpg 768w, https:\/\/vs-thaimassage.de\/wp-content\/uploads\/2026\/03\/IMG_5291-1-600x800.jpg 600w\" sizes=\"auto, (max-width: 1000px) 100vw, 1000px\" \/><\/div><\/div><\/div><div id=\"pg-79194-1\"  class=\"panel-grid panel-has-style\" ><div class=\"siteorigin-panels-stretch panel-row-style panel-row-style-for-79194-1\" id=\"kurse\" data-stretch-type=\"full\" ><div id=\"pgc-79194-1-0\"  class=\"panel-grid-cell\" ><div id=\"panel-79194-1-0-0\" class=\"widget_text so-panel widget widget_custom_html panel-first-child panel-last-child\" data-index=\"2\" ><h3 class=\"widget-title\">Kurszeiten &#038; Termine<\/h3><div class=\"textwidget custom-html-widget\"><div data-eversports-widget-id=\"ef3f15f9-16c8-4e4c-931f-5f525da34deb\">\n<!--F\u00fcge das Skript nur einmal pro Seite ein.--><\/div>\n<script type=\"module\" src=\"https:\/\/widget-static.eversports.io\/loader.js\" async defer><\/script><\/div><\/div><\/div><\/div><\/div><\/div>","protected":false},"excerpt":{"rendered":"<p>Du praktizierst die Krankenkasse zahlt mit! Hatha- Yin Yoga Pr\u00e4ventionskurse mit Krankenkassen-Zuschuss Hatha und Yin Yoga ist f\u00fcr K\u00f6rper Geist<\/p>\n","protected":false},"author":1,"featured_media":0,"parent":0,"menu_order":0,"comment_status":"closed","ping_status":"closed","template":"","meta":{"_acf_changed":false,"footnotes":""},"class_list":["post-79194","page","type-page","status-publish","hentry"],"acf":[],"yoast_head":"<!-- This site is optimized with the Yoast SEO plugin v27.5 - https:\/\/yoast.com\/product\/yoast-seo-wordpress\/ -->\n<title>Pr\u00e4ventionskurse - VS Thaimassage<\/title>\n<meta name=\"robots\" content=\"index, follow, max-snippet:-1, max-image-preview:large, max-video-preview:-1\" \/>\n<link rel=\"canonical\" href=\"https:\/\/vs-thaimassage.de\/praeventionskurse\/\" \/>\n<meta property=\"og:locale\" content=\"nl_NL\" \/>\n<meta property=\"og:type\" content=\"article\" \/>\n<meta property=\"og:title\" content=\"Pr\u00e4ventionskurse - VS Thaimassage\" \/>\n<meta property=\"og:description\" content=\"Du praktizierst die Krankenkasse zahlt mit! Hatha- Yin Yoga Pr\u00e4ventionskurse mit Krankenkassen-Zuschuss Hatha und Yin Yoga ist f\u00fcr K\u00f6rper Geist\" \/>\n<meta property=\"og:url\" content=\"https:\/\/vs-thaimassage.de\/praeventionskurse\/\" \/>\n<meta property=\"og:site_name\" content=\"VS Thaimassage\" \/>\n<meta name=\"twitter:card\" content=\"summary_large_image\" \/>\n<meta name=\"twitter:label1\" content=\"Geschatte leestijd\" \/>\n\t<meta name=\"twitter:data1\" content=\"1 minuut\" \/>\n<script type=\"application\/ld+json\" class=\"yoast-schema-graph\">{\"@context\":\"https:\\\/\\\/schema.org\",\"@graph\":[{\"@type\":\"WebPage\",\"@id\":\"https:\\\/\\\/vs-thaimassage.de\\\/praeventionskurse\\\/\",\"url\":\"https:\\\/\\\/vs-thaimassage.de\\\/praeventionskurse\\\/\",\"name\":\"Pr\u00e4ventionskurse - VS Thaimassage\",\"isPartOf\":{\"@id\":\"https:\\\/\\\/vs-thaimassage.de\\\/#website\"},\"datePublished\":\"2026-03-26T10:48:15+00:00\",\"breadcrumb\":{\"@id\":\"https:\\\/\\\/vs-thaimassage.de\\\/praeventionskurse\\\/#breadcrumb\"},\"inLanguage\":\"nl-NL\",\"potentialAction\":[{\"@type\":\"ReadAction\",\"target\":[\"https:\\\/\\\/vs-thaimassage.de\\\/praeventionskurse\\\/\"]}]},{\"@type\":\"BreadcrumbList\",\"@id\":\"https:\\\/\\\/vs-thaimassage.de\\\/praeventionskurse\\\/#breadcrumb\",\"itemListElement\":[{\"@type\":\"ListItem\",\"position\":1,\"name\":\"Frontpagina\",\"item\":\"https:\\\/\\\/vs-thaimassage.de\\\/nl\\\/\"},{\"@type\":\"ListItem\",\"position\":2,\"name\":\"Pr\u00e4ventionskurse\"}]},{\"@type\":\"WebSite\",\"@id\":\"https:\\\/\\\/vs-thaimassage.de\\\/#website\",\"url\":\"https:\\\/\\\/vs-thaimassage.de\\\/\",\"name\":\"VS Thaimassage\",\"description\":\"Uw Thaise massagesalon van Wegberg\",\"publisher\":{\"@id\":\"https:\\\/\\\/vs-thaimassage.de\\\/#organization\"},\"potentialAction\":[{\"@type\":\"SearchAction\",\"target\":{\"@type\":\"EntryPoint\",\"urlTemplate\":\"https:\\\/\\\/vs-thaimassage.de\\\/?s={search_term_string}\"},\"query-input\":{\"@type\":\"PropertyValueSpecification\",\"valueRequired\":true,\"valueName\":\"search_term_string\"}}],\"inLanguage\":\"nl-NL\"},{\"@type\":\"Organization\",\"@id\":\"https:\\\/\\\/vs-thaimassage.de\\\/#organization\",\"name\":\"VS Thaimassage\",\"url\":\"https:\\\/\\\/vs-thaimassage.de\\\/\",\"logo\":{\"@type\":\"ImageObject\",\"inLanguage\":\"nl-NL\",\"@id\":\"https:\\\/\\\/vs-thaimassage.de\\\/#\\\/schema\\\/logo\\\/image\\\/\",\"url\":\"https:\\\/\\\/vs-thaimassage.de\\\/wp-content\\\/uploads\\\/2018\\\/09\\\/logo_xs.svg\",\"contentUrl\":\"https:\\\/\\\/vs-thaimassage.de\\\/wp-content\\\/uploads\\\/2018\\\/09\\\/logo_xs.svg\",\"width\":150,\"height\":149,\"caption\":\"VS Thaimassage\"},\"image\":{\"@id\":\"https:\\\/\\\/vs-thaimassage.de\\\/#\\\/schema\\\/logo\\\/image\\\/\"}}]}<\/script>\n<!-- \/ Yoast SEO plugin. -->","yoast_head_json":{"title":"Pr\u00e4ventionskurse - VS Thaimassage","robots":{"index":"index","follow":"follow","max-snippet":"max-snippet:-1","max-image-preview":"max-image-preview:large","max-video-preview":"max-video-preview:-1"},"canonical":"https:\/\/vs-thaimassage.de\/praeventionskurse\/","og_locale":"nl_NL","og_type":"article","og_title":"Pr\u00e4ventionskurse - VS Thaimassage","og_description":"Du praktizierst die Krankenkasse zahlt mit! Hatha- Yin Yoga Pr\u00e4ventionskurse mit Krankenkassen-Zuschuss Hatha und Yin Yoga ist f\u00fcr K\u00f6rper Geist","og_url":"https:\/\/vs-thaimassage.de\/praeventionskurse\/","og_site_name":"VS Thaimassage","twitter_card":"summary_large_image","twitter_misc":{"Geschatte leestijd":"1 minuut"},"schema":{"@context":"https:\/\/schema.org","@graph":[{"@type":"WebPage","@id":"https:\/\/vs-thaimassage.de\/praeventionskurse\/","url":"https:\/\/vs-thaimassage.de\/praeventionskurse\/","name":"Pr\u00e4ventionskurse - VS Thaimassage","isPartOf":{"@id":"https:\/\/vs-thaimassage.de\/#website"},"datePublished":"2026-03-26T10:48:15+00:00","breadcrumb":{"@id":"https:\/\/vs-thaimassage.de\/praeventionskurse\/#breadcrumb"},"inLanguage":"nl-NL","potentialAction":[{"@type":"ReadAction","target":["https:\/\/vs-thaimassage.de\/praeventionskurse\/"]}]},{"@type":"BreadcrumbList","@id":"https:\/\/vs-thaimassage.de\/praeventionskurse\/#breadcrumb","itemListElement":[{"@type":"ListItem","position":1,"name":"Frontpagina","item":"https:\/\/vs-thaimassage.de\/nl\/"},{"@type":"ListItem","position":2,"name":"Pr\u00e4ventionskurse"}]},{"@type":"WebSite","@id":"https:\/\/vs-thaimassage.de\/#website","url":"https:\/\/vs-thaimassage.de\/","name":"VS Thaimassage","description":"Uw Thaise massagesalon van Wegberg","publisher":{"@id":"https:\/\/vs-thaimassage.de\/#organization"},"potentialAction":[{"@type":"SearchAction","target":{"@type":"EntryPoint","urlTemplate":"https:\/\/vs-thaimassage.de\/?s={search_term_string}"},"query-input":{"@type":"PropertyValueSpecification","valueRequired":true,"valueName":"search_term_string"}}],"inLanguage":"nl-NL"},{"@type":"Organization","@id":"https:\/\/vs-thaimassage.de\/#organization","name":"VS Thaimassage","url":"https:\/\/vs-thaimassage.de\/","logo":{"@type":"ImageObject","inLanguage":"nl-NL","@id":"https:\/\/vs-thaimassage.de\/#\/schema\/logo\/image\/","url":"https:\/\/vs-thaimassage.de\/wp-content\/uploads\/2018\/09\/logo_xs.svg","contentUrl":"https:\/\/vs-thaimassage.de\/wp-content\/uploads\/2018\/09\/logo_xs.svg","width":150,"height":149,"caption":"VS Thaimassage"},"image":{"@id":"https:\/\/vs-thaimassage.de\/#\/schema\/logo\/image\/"}}]}},"_links":{"self":[{"href":"https:\/\/vs-thaimassage.de\/nl\/wp-json\/wp\/v2\/pages\/79194","targetHints":{"allow":["GET"]}}],"collection":[{"href":"https:\/\/vs-thaimassage.de\/nl\/wp-json\/wp\/v2\/pages"}],"about":[{"href":"https:\/\/vs-thaimassage.de\/nl\/wp-json\/wp\/v2\/types\/page"}],"author":[{"embeddable":true,"href":"https:\/\/vs-thaimassage.de\/nl\/wp-json\/wp\/v2\/users\/1"}],"replies":[{"embeddable":true,"href":"https:\/\/vs-thaimassage.de\/nl\/wp-json\/wp\/v2\/comments?post=79194"}],"version-history":[{"count":1,"href":"https:\/\/vs-thaimassage.de\/nl\/wp-json\/wp\/v2\/pages\/79194\/revisions"}],"predecessor-version":[{"id":79195,"href":"https:\/\/vs-thaimassage.de\/nl\/wp-json\/wp\/v2\/pages\/79194\/revisions\/79195"}],"wp:attachment":[{"href":"https:\/\/vs-thaimassage.de\/nl\/wp-json\/wp\/v2\/media?parent=79194"}],"curies":[{"name":"wp","href":"https:\/\/api.w.org\/{rel}","templated":true}]}}