{"id":79170,"date":"2026-03-25T12:25:43","date_gmt":"2026-03-25T11:25:43","guid":{"rendered":"https:\/\/vs-thaimassage.de\/?page_id=79170"},"modified":"2026-03-25T12:25:43","modified_gmt":"2026-03-25T11:25:43","slug":"agb-yoga","status":"publish","type":"page","link":"https:\/\/vs-thaimassage.de\/nl\/agb-yoga\/","title":{"rendered":"AGB Yoga"},"content":{"rendered":"<h1>Allgemeine Gesch\u00e4ftsbedingungen Yoga<\/h1>\n<h2>\u00a7 1 Geltungsbereich<\/h2>\n<p>Die nachfolgenden Allgemeinen Gesch\u00e4ftsbedingungen gelten f\u00fcr alle Gesch\u00e4ftsbeziehungen zwischen Love and Lights Yoga, Inhaberin Yasamin Pick (im Folgenden \u201eLove and Lights Yoga\u201c genannt), und den Teilnehmer*innen in ihrer zum Zeitpunkt der Anmeldung g\u00fcltigen Fassung.<\/p>\n<h2>\u00a7 2 Anmeldung<\/h2>\n<p><strong>(1)<\/strong> Die Anmeldungen zu den Kursen und Veranstaltungen finden ausschlie\u00dflich online \u00fcber das Buchungsportal auf der Website <a href=\"https:\/\/vs-thaimassage.de\/yoga\/\" target=\"_blank\" rel=\"noopener noreferrer\">https:\/\/vs-thaimassage.de\/yoga\/<\/a> statt, es sei denn, eine Anmeldung per E-Mail wurde von Love and Lights Yoga oder VS Thaimassage und Wellness per E-Mail best\u00e4tigt. Eine Unterschrift ist f\u00fcr die Anmeldung nicht erforderlich. Die Anmeldung ist vorbehaltlich der Regelung des \u00a7 4 verbindlich.<\/p>\n<p><strong>(2)<\/strong> Nach der Anmeldung im Buchungsportal erhalten die Teilnehmer*innen eine E-Mail mit der Buchungsbest\u00e4tigung. Sollte der\/die Teilnehmer*in innerhalb von einigen Stunden keine Best\u00e4tigungsmail erhalten, ist Kontakt mit Love and Lights Yoga oder VS Thaimassage und Wellness aufzunehmen.<\/p>\n<h2>\u00a7 3 Zahlungsbedingungen<\/h2>\n<p><strong>(1)<\/strong> Die H\u00f6he der jeweiligen Kurs- und Veranstaltungsgeb\u00fchren ist dem aktuellen Stand der Website zu entnehmen.<\/p>\n<p><strong>(2)<\/strong> Die jeweiligen Zahlungsm\u00f6glichkeiten sind dem aktuellen Stand der Website zu entnehmen.<\/p>\n<p><strong>(3)<\/strong> Ist bei Beginn des Kurses oder der Veranstaltung der vollst\u00e4ndige Rechnungsbetrag nicht gezahlt, so ist Love and Lights Yoga berechtigt, den\/die Teilnehmer*in bis zum vollst\u00e4ndigen Zahlungseingang von der Veranstaltung auszuschlie\u00dfen.<\/p>\n<h2>\u00a7 4 R\u00fccktritt und Terminumbuchung<\/h2>\n<p><strong>(1)<\/strong> R\u00fccktritt und Terminumbuchungen sind ausschlie\u00dflich in Textform per E-Mail einzureichen und haben nur G\u00fcltigkeit, wenn sie von Love and Lights Yoga oder VS Thaimassage und Wellness schriftlich (per E-Mail) best\u00e4tigt werden.<\/p>\n<p><strong>(2)<\/strong> Sagt der\/die Teilnehmer*in bis zu 2 Wochen vor Beginn des Kurses bzw. der Veranstaltung ab, werden keine Stornierungsgeb\u00fchren berechnet. Der\/die Teilnehmer*in erh\u00e4lt die gesamte Geb\u00fchr des Kurses bzw. der Veranstaltung zur\u00fcck.<\/p>\n<p><strong>(3)<\/strong> Sagt der\/die Teilnehmer*in weniger als 2 Wochen vor Beginn des Kurses bzw. der Veranstaltung ab, ist der gesamte Kurspreis bzw. Veranstaltungspreis f\u00e4llig, es sei denn, der aktuelle Stand der Website f\u00fchrt eine andere Regelung auf. Die Teilnahme am Kurs bzw. der Veranstaltung kann nur an andere Personen \u00fcbertragen werden, wenn die \u00dcbertragung von Love and Lights Yoga oder VS Thaimassage und Wellness per E-Mail best\u00e4tigt wurde.<\/p>\n<p><strong>(4)<\/strong> Sollte der\/die Teilnehmer*in nicht an einer oder mehreren Einheiten eines mehrere Einheiten umfassenden Angebots teilnehmen k\u00f6nnen, so wird dennoch die gesamte Kursgeb\u00fchr berechnet.<\/p>\n<h2>\u00a7 5 Veranstaltungen<\/h2>\n<p><strong>(1)<\/strong> F\u00fcr Veranstaltungen gelten die gleichen Bedingungen zu R\u00fccktritt und Umbuchung wie f\u00fcr die Pr\u00e4senzphasen, siehe dazu \u00a7 4 dieser AGB.<\/p>\n<h2>\u00a7 6 Absage und \u00c4nderung von Kursen und Veranstaltungen<\/h2>\n<p><strong>(1)<\/strong> Aus wichtigem Grund, wie z.\u00a0B. bei Erkrankung der Kurs- bzw. Veranstaltungsleiterin, h\u00f6herer Gewalt oder zu geringer Teilnehmeranzahl, ist Love and Lights Yoga oder VS Thaimassage und Wellness berechtigt, die Kurse bzw. Veranstaltungen gegen volle Erstattung bereits gezahlter Teilnahmegeb\u00fchren auch kurzfristig (bis 3 Tage vor Veranstaltungsbeginn) abzusagen. Ein weitergehender Schadensersatzanspruch besteht nicht. Bei einer Buchung von Hotel und Anreise besteht kein Anspruch auf Erstattung von Kosten, die den Teilnehmer*innen durch die Absage der Veranstaltung entstanden sind.<\/p>\n<p><strong>(2)<\/strong> Die Teilnehmer*innen werden \u00fcber die bei der Anmeldung angegebenen Kontaktdaten \u00fcber die Absage informiert, z.\u00a0B. per E-Mail. F\u00fcr falsch angegebene Kontaktdaten und die daraus m\u00f6glicherweise entstehenden Sch\u00e4den ist Love and Lights Yoga oder VS Thaimassage und Wellness grunds\u00e4tzlich weder haftbar noch anderweitig zu belangen.<\/p>\n<h2>\u00a7 7 Haftung<\/h2>\n<p><strong>(1)<\/strong> Seitens Love and Lights Yoga oder VS Thaimassage und Wellness besteht f\u00fcr Unf\u00e4lle, Diebstahl oder Besch\u00e4digungen gleich welcher Art keine Haftungspflicht. Jede(r) Teilnehmer*in ist f\u00fcr die Beaufsichtigung des eigenen Privateigentums selbst verantwortlich.<\/p>\n<p><strong>(2)<\/strong> Die im Rahmen der Kurse und Veranstaltungen zur Verf\u00fcgung gestellten Unterlagen werden von Love and Lights Yoga oder VS Thaimassage und Wellness nach bestem Wissen und Kenntnisstand erstellt. Haftung und Gew\u00e4hr f\u00fcr die Korrektheit, Aktualit\u00e4t, Vollst\u00e4ndigkeit und Qualit\u00e4t der Inhalte sind ausgeschlossen.<\/p>\n<p><strong>(3)<\/strong> Die Teilnehmer*innen versichern, dass sie physisch und psychisch gesund sind und keine besonderen Einschr\u00e4nkungen oder Besonderheiten vorliegen, die bei den Kursen bzw. Veranstaltungen zu beachten sind, bzw. dass sie Einschr\u00e4nkungen oder Besonderheiten bei der Anmeldung angeben.<\/p>\n<h2>\u00a7 9 Allgemeines<\/h2>\n<p><strong>(1)<\/strong> Falls Teilnehmer*innen bei der Verfolgung der Kursinhalte durch die Haltung oder das Verhalten einer\/eines Teilnehmer*in in der Gruppe stark beeintr\u00e4chtigt werden, beh\u00e4lt sich Love and Lights Yoga den Ausschluss dieses\/dieser Teilnehmer*in von dem Kurs bzw. der Veranstaltung vor.<\/p>\n<p><strong>(2)<\/strong> F\u00fcr den unter Absatz (1) genannten Fall ist ein Anspruch auf finanzielle Entsch\u00e4digung ausgeschlossen.<\/p>\n<h2>\u00a7 10 Salvatorische Klausel<\/h2>\n<p>Sind einzelne Bestandteile dieser Gesch\u00e4ftsbedingungen unwirksam, wird die G\u00fcltigkeit der \u00fcbrigen Bestimmungen hierdurch nicht ber\u00fchrt. Die Vertragsparteien erkennen f\u00fcr diesen Fall diejenigen g\u00fcltigen Regelungen an, die der Regelungsintention des unwirksamen Bestandteils inhaltlich am n\u00e4chsten kommen.<\/p>\n","protected":false},"excerpt":{"rendered":"<p>Allgemeine Gesch\u00e4ftsbedingungen Yoga \u00a7 1 Geltungsbereich Die nachfolgenden Allgemeinen Gesch\u00e4ftsbedingungen gelten f\u00fcr alle Gesch\u00e4ftsbeziehungen zwischen Love and Lights Yoga, Inhaberin<\/p>\n","protected":false},"author":1,"featured_media":0,"parent":0,"menu_order":0,"comment_status":"closed","ping_status":"closed","template":"","meta":{"_acf_changed":false,"footnotes":""},"class_list":["post-79170","page","type-page","status-publish","hentry"],"acf":[],"yoast_head":"<!-- This site is optimized with the Yoast SEO plugin v27.5 - https:\/\/yoast.com\/product\/yoast-seo-wordpress\/ -->\n<title>AGB Yoga - VS Thaimassage<\/title>\n<meta name=\"robots\" content=\"index, follow, max-snippet:-1, max-image-preview:large, max-video-preview:-1\" \/>\n<link rel=\"canonical\" href=\"https:\/\/vs-thaimassage.de\/agb-yoga\/\" \/>\n<meta property=\"og:locale\" content=\"nl_NL\" \/>\n<meta property=\"og:type\" content=\"article\" \/>\n<meta property=\"og:title\" content=\"AGB Yoga - VS Thaimassage\" \/>\n<meta property=\"og:description\" content=\"Allgemeine Gesch\u00e4ftsbedingungen Yoga \u00a7 1 Geltungsbereich Die nachfolgenden Allgemeinen Gesch\u00e4ftsbedingungen gelten f\u00fcr alle Gesch\u00e4ftsbeziehungen zwischen Love and Lights Yoga, Inhaberin\" \/>\n<meta property=\"og:url\" content=\"https:\/\/vs-thaimassage.de\/agb-yoga\/\" \/>\n<meta property=\"og:site_name\" content=\"VS Thaimassage\" \/>\n<meta name=\"twitter:card\" content=\"summary_large_image\" \/>\n<meta name=\"twitter:label1\" content=\"Geschatte leestijd\" \/>\n\t<meta name=\"twitter:data1\" content=\"5 minuten\" \/>\n<script type=\"application\/ld+json\" class=\"yoast-schema-graph\">{\"@context\":\"https:\\\/\\\/schema.org\",\"@graph\":[{\"@type\":\"WebPage\",\"@id\":\"https:\\\/\\\/vs-thaimassage.de\\\/agb-yoga\\\/\",\"url\":\"https:\\\/\\\/vs-thaimassage.de\\\/agb-yoga\\\/\",\"name\":\"AGB Yoga - VS Thaimassage\",\"isPartOf\":{\"@id\":\"https:\\\/\\\/vs-thaimassage.de\\\/#website\"},\"datePublished\":\"2026-03-25T11:25:43+00:00\",\"breadcrumb\":{\"@id\":\"https:\\\/\\\/vs-thaimassage.de\\\/agb-yoga\\\/#breadcrumb\"},\"inLanguage\":\"nl-NL\",\"potentialAction\":[{\"@type\":\"ReadAction\",\"target\":[\"https:\\\/\\\/vs-thaimassage.de\\\/agb-yoga\\\/\"]}]},{\"@type\":\"BreadcrumbList\",\"@id\":\"https:\\\/\\\/vs-thaimassage.de\\\/agb-yoga\\\/#breadcrumb\",\"itemListElement\":[{\"@type\":\"ListItem\",\"position\":1,\"name\":\"Frontpagina\",\"item\":\"https:\\\/\\\/vs-thaimassage.de\\\/nl\\\/\"},{\"@type\":\"ListItem\",\"position\":2,\"name\":\"AGB Yoga\"}]},{\"@type\":\"WebSite\",\"@id\":\"https:\\\/\\\/vs-thaimassage.de\\\/#website\",\"url\":\"https:\\\/\\\/vs-thaimassage.de\\\/\",\"name\":\"VS Thaimassage\",\"description\":\"Uw Thaise massagesalon van Wegberg\",\"publisher\":{\"@id\":\"https:\\\/\\\/vs-thaimassage.de\\\/#organization\"},\"potentialAction\":[{\"@type\":\"SearchAction\",\"target\":{\"@type\":\"EntryPoint\",\"urlTemplate\":\"https:\\\/\\\/vs-thaimassage.de\\\/?s={search_term_string}\"},\"query-input\":{\"@type\":\"PropertyValueSpecification\",\"valueRequired\":true,\"valueName\":\"search_term_string\"}}],\"inLanguage\":\"nl-NL\"},{\"@type\":\"Organization\",\"@id\":\"https:\\\/\\\/vs-thaimassage.de\\\/#organization\",\"name\":\"VS Thaimassage\",\"url\":\"https:\\\/\\\/vs-thaimassage.de\\\/\",\"logo\":{\"@type\":\"ImageObject\",\"inLanguage\":\"nl-NL\",\"@id\":\"https:\\\/\\\/vs-thaimassage.de\\\/#\\\/schema\\\/logo\\\/image\\\/\",\"url\":\"https:\\\/\\\/vs-thaimassage.de\\\/wp-content\\\/uploads\\\/2018\\\/09\\\/logo_xs.svg\",\"contentUrl\":\"https:\\\/\\\/vs-thaimassage.de\\\/wp-content\\\/uploads\\\/2018\\\/09\\\/logo_xs.svg\",\"width\":150,\"height\":149,\"caption\":\"VS Thaimassage\"},\"image\":{\"@id\":\"https:\\\/\\\/vs-thaimassage.de\\\/#\\\/schema\\\/logo\\\/image\\\/\"}}]}<\/script>\n<!-- \/ Yoast SEO plugin. -->","yoast_head_json":{"title":"AGB Yoga - VS Thaimassage","robots":{"index":"index","follow":"follow","max-snippet":"max-snippet:-1","max-image-preview":"max-image-preview:large","max-video-preview":"max-video-preview:-1"},"canonical":"https:\/\/vs-thaimassage.de\/agb-yoga\/","og_locale":"nl_NL","og_type":"article","og_title":"AGB Yoga - VS Thaimassage","og_description":"Allgemeine Gesch\u00e4ftsbedingungen Yoga \u00a7 1 Geltungsbereich Die nachfolgenden Allgemeinen Gesch\u00e4ftsbedingungen gelten f\u00fcr alle Gesch\u00e4ftsbeziehungen zwischen Love and Lights Yoga, Inhaberin","og_url":"https:\/\/vs-thaimassage.de\/agb-yoga\/","og_site_name":"VS Thaimassage","twitter_card":"summary_large_image","twitter_misc":{"Geschatte leestijd":"5 minuten"},"schema":{"@context":"https:\/\/schema.org","@graph":[{"@type":"WebPage","@id":"https:\/\/vs-thaimassage.de\/agb-yoga\/","url":"https:\/\/vs-thaimassage.de\/agb-yoga\/","name":"AGB Yoga - VS Thaimassage","isPartOf":{"@id":"https:\/\/vs-thaimassage.de\/#website"},"datePublished":"2026-03-25T11:25:43+00:00","breadcrumb":{"@id":"https:\/\/vs-thaimassage.de\/agb-yoga\/#breadcrumb"},"inLanguage":"nl-NL","potentialAction":[{"@type":"ReadAction","target":["https:\/\/vs-thaimassage.de\/agb-yoga\/"]}]},{"@type":"BreadcrumbList","@id":"https:\/\/vs-thaimassage.de\/agb-yoga\/#breadcrumb","itemListElement":[{"@type":"ListItem","position":1,"name":"Frontpagina","item":"https:\/\/vs-thaimassage.de\/nl\/"},{"@type":"ListItem","position":2,"name":"AGB Yoga"}]},{"@type":"WebSite","@id":"https:\/\/vs-thaimassage.de\/#website","url":"https:\/\/vs-thaimassage.de\/","name":"VS Thaimassage","description":"Uw Thaise massagesalon van Wegberg","publisher":{"@id":"https:\/\/vs-thaimassage.de\/#organization"},"potentialAction":[{"@type":"SearchAction","target":{"@type":"EntryPoint","urlTemplate":"https:\/\/vs-thaimassage.de\/?s={search_term_string}"},"query-input":{"@type":"PropertyValueSpecification","valueRequired":true,"valueName":"search_term_string"}}],"inLanguage":"nl-NL"},{"@type":"Organization","@id":"https:\/\/vs-thaimassage.de\/#organization","name":"VS Thaimassage","url":"https:\/\/vs-thaimassage.de\/","logo":{"@type":"ImageObject","inLanguage":"nl-NL","@id":"https:\/\/vs-thaimassage.de\/#\/schema\/logo\/image\/","url":"https:\/\/vs-thaimassage.de\/wp-content\/uploads\/2018\/09\/logo_xs.svg","contentUrl":"https:\/\/vs-thaimassage.de\/wp-content\/uploads\/2018\/09\/logo_xs.svg","width":150,"height":149,"caption":"VS Thaimassage"},"image":{"@id":"https:\/\/vs-thaimassage.de\/#\/schema\/logo\/image\/"}}]}},"_links":{"self":[{"href":"https:\/\/vs-thaimassage.de\/nl\/wp-json\/wp\/v2\/pages\/79170","targetHints":{"allow":["GET"]}}],"collection":[{"href":"https:\/\/vs-thaimassage.de\/nl\/wp-json\/wp\/v2\/pages"}],"about":[{"href":"https:\/\/vs-thaimassage.de\/nl\/wp-json\/wp\/v2\/types\/page"}],"author":[{"embeddable":true,"href":"https:\/\/vs-thaimassage.de\/nl\/wp-json\/wp\/v2\/users\/1"}],"replies":[{"embeddable":true,"href":"https:\/\/vs-thaimassage.de\/nl\/wp-json\/wp\/v2\/comments?post=79170"}],"version-history":[{"count":1,"href":"https:\/\/vs-thaimassage.de\/nl\/wp-json\/wp\/v2\/pages\/79170\/revisions"}],"predecessor-version":[{"id":79172,"href":"https:\/\/vs-thaimassage.de\/nl\/wp-json\/wp\/v2\/pages\/79170\/revisions\/79172"}],"wp:attachment":[{"href":"https:\/\/vs-thaimassage.de\/nl\/wp-json\/wp\/v2\/media?parent=79170"}],"curies":[{"name":"wp","href":"https:\/\/api.w.org\/{rel}","templated":true}]}}