{"id":31,"date":"2018-08-15T14:19:52","date_gmt":"2018-08-15T14:19:52","guid":{"rendered":"http:\/\/vs-thaimassage.de.w01cdf4e.kasserver.com\/?page_id=31"},"modified":"2022-12-02T10:03:28","modified_gmt":"2022-12-02T09:03:28","slug":"ueber-uns","status":"publish","type":"page","link":"https:\/\/vs-thaimassage.de\/nl\/ueber-uns\/","title":{"rendered":"\u00dcber Uns"},"content":{"rendered":"<div id=\"pl-31\"  class=\"panel-layout\" ><div id=\"pg-31-0\"  class=\"panel-grid panel-has-style\" ><div class=\"siteorigin-panels-stretch panel-row-style panel-row-style-for-31-0\" data-stretch-type=\"full-stretched\" ><div id=\"pgc-31-0-0\"  class=\"panel-grid-cell\" ><div id=\"panel-31-0-0-0\" class=\"so-panel widget widget_media_image panel-first-child panel-last-child\" data-index=\"0\" ><img loading=\"lazy\" decoding=\"async\" width=\"2560\" height=\"1702\" src=\"https:\/\/vs-thaimassage.de\/wp-content\/uploads\/2022\/12\/Nee-Vassana-und-Jo-2-scaled.jpeg\" class=\"image wp-image-67575  attachment-full size-full\" alt=\"Nee, Vassana und Jo\" style=\"max-width: 100%; height: auto;\" srcset=\"https:\/\/vs-thaimassage.de\/wp-content\/uploads\/2022\/12\/Nee-Vassana-und-Jo-2-scaled.jpeg 2560w, https:\/\/vs-thaimassage.de\/wp-content\/uploads\/2022\/12\/Nee-Vassana-und-Jo-2-scaled-600x399.jpeg 600w, https:\/\/vs-thaimassage.de\/wp-content\/uploads\/2022\/12\/Nee-Vassana-und-Jo-2-300x199.jpeg 300w, https:\/\/vs-thaimassage.de\/wp-content\/uploads\/2022\/12\/Nee-Vassana-und-Jo-2-1024x681.jpeg 1024w, https:\/\/vs-thaimassage.de\/wp-content\/uploads\/2022\/12\/Nee-Vassana-und-Jo-2-768x511.jpeg 768w, https:\/\/vs-thaimassage.de\/wp-content\/uploads\/2022\/12\/Nee-Vassana-und-Jo-2-1536x1021.jpeg 1536w, https:\/\/vs-thaimassage.de\/wp-content\/uploads\/2022\/12\/Nee-Vassana-und-Jo-2-2048x1362.jpeg 2048w\" sizes=\"auto, (max-width: 2560px) 100vw, 2560px\" \/><\/div><\/div><\/div><\/div><div id=\"pg-31-1\"  class=\"panel-grid panel-has-style\" ><div class=\"panel-row-style panel-row-style-for-31-1\" ><div id=\"pgc-31-1-0\"  class=\"panel-grid-cell\" ><div id=\"panel-31-1-0-0\" class=\"so-panel widget widget_text panel-first-child panel-last-child\" data-index=\"1\" >\t\t\t<div class=\"textwidget\"><h1 class=\"text-center\">Unsere Masseure<\/h1>\n<\/div>\n\t\t<\/div><\/div><\/div><\/div><div id=\"pg-31-2\"  class=\"panel-grid panel-no-style\" ><div id=\"pgc-31-2-0\"  class=\"panel-grid-cell\" ><div id=\"panel-31-2-0-0\" class=\"so-panel widget widget_siteorigin-panels-builder panel-first-child panel-last-child\" data-index=\"2\" ><div id=\"pl-w6389bdfce22e3\"  class=\"panel-layout\" ><div id=\"pg-w6389bdfce22e3-0\"  class=\"panel-grid panel-no-style\" ><div id=\"pgc-w6389bdfce22e3-0-0\"  class=\"panel-grid-cell\" ><div id=\"panel-w6389bdfce22e3-0-0-0\" class=\"so-panel widget widget_siteorigin-panels-builder panel-first-child panel-last-child\" data-index=\"0\" ><div id=\"pl-w6389bdfce22ef\"  class=\"panel-layout\" ><div id=\"pg-w6389bdfce22ef-0\"  class=\"panel-grid panel-no-style\" ><div id=\"pgc-w6389bdfce22ef-0-0\"  class=\"panel-grid-cell panel-grid-cell-mobile-last\" ><div id=\"panel-w6389bdfce22ef-0-0-0\" class=\"so-panel widget widget_media_image panel-first-child panel-last-child\" data-index=\"0\" ><img loading=\"lazy\" decoding=\"async\" width=\"640\" height=\"962\" src=\"https:\/\/vs-thaimassage.de\/wp-content\/uploads\/2022\/12\/Vassana-681x1024.jpeg\" class=\"image wp-image-67577  attachment-large size-large\" alt=\"Vassana\" style=\"max-width: 100%; height: auto;\" srcset=\"https:\/\/vs-thaimassage.de\/wp-content\/uploads\/2022\/12\/Vassana-681x1024.jpeg 681w, https:\/\/vs-thaimassage.de\/wp-content\/uploads\/2022\/12\/Vassana-scaled-600x902.jpeg 600w, https:\/\/vs-thaimassage.de\/wp-content\/uploads\/2022\/12\/Vassana-199x300.jpeg 199w, https:\/\/vs-thaimassage.de\/wp-content\/uploads\/2022\/12\/Vassana-768x1155.jpeg 768w, https:\/\/vs-thaimassage.de\/wp-content\/uploads\/2022\/12\/Vassana-1021x1536.jpeg 1021w, https:\/\/vs-thaimassage.de\/wp-content\/uploads\/2022\/12\/Vassana-1362x2048.jpeg 1362w, https:\/\/vs-thaimassage.de\/wp-content\/uploads\/2022\/12\/Vassana-scaled.jpeg 1702w\" sizes=\"auto, (max-width: 640px) 100vw, 640px\" \/><\/div><\/div><div id=\"pgc-w6389bdfce22ef-0-1\"  class=\"panel-grid-cell panel-grid-cell-empty\" ><\/div><\/div><\/div><\/div><\/div><div id=\"pgc-w6389bdfce22e3-0-1\"  class=\"panel-grid-cell\" ><div id=\"panel-w6389bdfce22e3-0-1-0\" class=\"so-panel widget widget_text panel-first-child panel-last-child\" data-index=\"1\" >\t\t\t<div class=\"textwidget\"><h3 class=\"team-text-left\">Vassana<\/h3>\n<\/div>\n\t\t<\/div><\/div><\/div><\/div><\/div><\/div><\/div><div id=\"pg-31-3\"  class=\"panel-grid panel-has-style\" ><div class=\"siteorigin-panels-stretch panel-row-style panel-row-style-for-31-3\" data-stretch-type=\"full\" ><div id=\"pgc-31-3-0\"  class=\"panel-grid-cell\" ><div id=\"panel-31-3-0-0\" class=\"so-panel widget widget_siteorigin-panels-builder panel-first-child panel-last-child\" data-index=\"3\" ><div id=\"pl-w6389bdfce29e0\"  class=\"panel-layout\" ><div id=\"pg-w6389bdfce29e0-0\"  class=\"panel-grid panel-no-style\" ><div id=\"pgc-w6389bdfce29e0-0-0\"  class=\"panel-grid-cell\" ><div id=\"panel-w6389bdfce29e0-0-0-0\" class=\"so-panel widget widget_text panel-first-child panel-last-child\" data-index=\"0\" >\t\t\t<div class=\"textwidget\"><h3 class=\"team-text-right\">Joe<\/h3>\n<\/div>\n\t\t<\/div><\/div><div id=\"pgc-w6389bdfce29e0-0-1\"  class=\"panel-grid-cell\" ><div id=\"panel-w6389bdfce29e0-0-1-0\" class=\"so-panel widget widget_siteorigin-panels-builder panel-first-child panel-last-child\" data-index=\"1\" ><div id=\"pl-w6389bdfce29ee\"  class=\"panel-layout\" ><div id=\"pg-w6389bdfce29ee-0\"  class=\"panel-grid panel-no-style\" ><div id=\"pgc-w6389bdfce29ee-0-0\"  class=\"panel-grid-cell\" ><div id=\"panel-w6389bdfce29ee-0-0-0\" class=\"so-panel widget widget_media_image panel-first-child panel-last-child\" data-index=\"0\" ><img loading=\"lazy\" decoding=\"async\" width=\"640\" height=\"962\" src=\"https:\/\/vs-thaimassage.de\/wp-content\/uploads\/2022\/12\/Jo-681x1024.jpeg\" class=\"image wp-image-67579  attachment-large size-large\" alt=\"Joe 1\" style=\"max-width: 100%; height: auto;\" srcset=\"https:\/\/vs-thaimassage.de\/wp-content\/uploads\/2022\/12\/Jo-681x1024.jpeg 681w, https:\/\/vs-thaimassage.de\/wp-content\/uploads\/2022\/12\/Jo-scaled-600x902.jpeg 600w, https:\/\/vs-thaimassage.de\/wp-content\/uploads\/2022\/12\/Jo-199x300.jpeg 199w, https:\/\/vs-thaimassage.de\/wp-content\/uploads\/2022\/12\/Jo-768x1155.jpeg 768w, https:\/\/vs-thaimassage.de\/wp-content\/uploads\/2022\/12\/Jo-1021x1536.jpeg 1021w, https:\/\/vs-thaimassage.de\/wp-content\/uploads\/2022\/12\/Jo-1362x2048.jpeg 1362w, https:\/\/vs-thaimassage.de\/wp-content\/uploads\/2022\/12\/Jo-scaled.jpeg 1702w\" sizes=\"auto, (max-width: 640px) 100vw, 640px\" \/><\/div><\/div><div id=\"pgc-w6389bdfce29ee-0-1\"  class=\"panel-grid-cell\" ><div id=\"panel-w6389bdfce29ee-0-1-0\" class=\"so-panel widget widget_media_image panel-first-child panel-last-child\" data-index=\"1\" ><img loading=\"lazy\" decoding=\"async\" width=\"640\" height=\"962\" src=\"https:\/\/vs-thaimassage.de\/wp-content\/uploads\/2022\/12\/Jo-2-681x1024.jpeg\" class=\"image wp-image-67581  attachment-large size-large\" alt=\"Joe 2\" style=\"max-width: 100%; height: auto;\" srcset=\"https:\/\/vs-thaimassage.de\/wp-content\/uploads\/2022\/12\/Jo-2-681x1024.jpeg 681w, https:\/\/vs-thaimassage.de\/wp-content\/uploads\/2022\/12\/Jo-2-scaled-600x902.jpeg 600w, https:\/\/vs-thaimassage.de\/wp-content\/uploads\/2022\/12\/Jo-2-199x300.jpeg 199w, https:\/\/vs-thaimassage.de\/wp-content\/uploads\/2022\/12\/Jo-2-768x1155.jpeg 768w, https:\/\/vs-thaimassage.de\/wp-content\/uploads\/2022\/12\/Jo-2-1021x1536.jpeg 1021w, https:\/\/vs-thaimassage.de\/wp-content\/uploads\/2022\/12\/Jo-2-1362x2048.jpeg 1362w, https:\/\/vs-thaimassage.de\/wp-content\/uploads\/2022\/12\/Jo-2-scaled.jpeg 1702w\" sizes=\"auto, (max-width: 640px) 100vw, 640px\" \/><\/div><\/div><\/div><\/div><\/div><\/div><\/div><\/div><\/div><\/div><\/div><\/div><div id=\"pg-31-4\"  class=\"panel-grid panel-no-style\" ><div id=\"pgc-31-4-0\"  class=\"panel-grid-cell\" ><div id=\"panel-31-4-0-0\" class=\"so-panel widget widget_siteorigin-panels-builder panel-first-child panel-last-child\" data-index=\"4\" ><div id=\"pl-w6389bf608d272\"  class=\"panel-layout\" ><div id=\"pg-w6389bf608d272-0\"  class=\"panel-grid panel-no-style\" ><div id=\"pgc-w6389bf608d272-0-0\"  class=\"panel-grid-cell\" ><div id=\"panel-w6389bf608d272-0-0-0\" class=\"so-panel widget widget_siteorigin-panels-builder panel-first-child panel-last-child\" data-index=\"0\" ><div id=\"pl-w6389bdfce32e1\"  class=\"panel-layout\" ><div id=\"pg-w6389bdfce32e1-0\"  class=\"panel-grid panel-no-style\" ><div id=\"pgc-w6389bdfce32e1-0-0\"  class=\"panel-grid-cell\" ><div id=\"panel-w6389bdfce32e1-0-0-0\" class=\"so-panel widget widget_media_image panel-first-child panel-last-child\" data-index=\"0\" ><img loading=\"lazy\" decoding=\"async\" width=\"640\" height=\"962\" src=\"https:\/\/vs-thaimassage.de\/wp-content\/uploads\/2022\/12\/Nee-681x1024.jpeg\" class=\"image wp-image-67583  attachment-large size-large\" alt=\"Nee 1\" style=\"max-width: 100%; height: auto;\" srcset=\"https:\/\/vs-thaimassage.de\/wp-content\/uploads\/2022\/12\/Nee-681x1024.jpeg 681w, https:\/\/vs-thaimassage.de\/wp-content\/uploads\/2022\/12\/Nee-scaled-600x902.jpeg 600w, https:\/\/vs-thaimassage.de\/wp-content\/uploads\/2022\/12\/Nee-199x300.jpeg 199w, https:\/\/vs-thaimassage.de\/wp-content\/uploads\/2022\/12\/Nee-768x1155.jpeg 768w, https:\/\/vs-thaimassage.de\/wp-content\/uploads\/2022\/12\/Nee-1021x1536.jpeg 1021w, https:\/\/vs-thaimassage.de\/wp-content\/uploads\/2022\/12\/Nee-1362x2048.jpeg 1362w, https:\/\/vs-thaimassage.de\/wp-content\/uploads\/2022\/12\/Nee-scaled.jpeg 1702w\" sizes=\"auto, (max-width: 640px) 100vw, 640px\" \/><\/div><\/div><div id=\"pgc-w6389bdfce32e1-0-1\"  class=\"panel-grid-cell\" ><div id=\"panel-w6389bdfce32e1-0-1-0\" class=\"so-panel widget widget_media_image panel-first-child panel-last-child\" data-index=\"1\" ><img loading=\"lazy\" decoding=\"async\" width=\"640\" height=\"962\" src=\"https:\/\/vs-thaimassage.de\/wp-content\/uploads\/2022\/12\/Nee-2-681x1024.jpeg\" class=\"image wp-image-67585  attachment-large size-large\" alt=\"Nee 2\" style=\"max-width: 100%; height: auto;\" srcset=\"https:\/\/vs-thaimassage.de\/wp-content\/uploads\/2022\/12\/Nee-2-681x1024.jpeg 681w, https:\/\/vs-thaimassage.de\/wp-content\/uploads\/2022\/12\/Nee-2-scaled-600x902.jpeg 600w, https:\/\/vs-thaimassage.de\/wp-content\/uploads\/2022\/12\/Nee-2-199x300.jpeg 199w, https:\/\/vs-thaimassage.de\/wp-content\/uploads\/2022\/12\/Nee-2-768x1155.jpeg 768w, https:\/\/vs-thaimassage.de\/wp-content\/uploads\/2022\/12\/Nee-2-1021x1536.jpeg 1021w, https:\/\/vs-thaimassage.de\/wp-content\/uploads\/2022\/12\/Nee-2-1362x2048.jpeg 1362w, https:\/\/vs-thaimassage.de\/wp-content\/uploads\/2022\/12\/Nee-2-scaled.jpeg 1702w\" sizes=\"auto, (max-width: 640px) 100vw, 640px\" \/><\/div><\/div><\/div><\/div><\/div><\/div><div id=\"pgc-w6389bf608d272-0-1\"  class=\"panel-grid-cell\" ><div id=\"panel-w6389bf608d272-0-1-0\" class=\"so-panel widget widget_text panel-first-child panel-last-child\" data-index=\"1\" >\t\t\t<div class=\"textwidget\"><h3 class=\"team-text-right\">Nee<\/h3>\n<\/div>\n\t\t<\/div><\/div><\/div><\/div><\/div><\/div><\/div><div id=\"pg-31-5\"  class=\"panel-grid panel-has-style\" ><div class=\"siteorigin-panels-stretch panel-row-style panel-row-style-for-31-5\" data-stretch-type=\"full\" ><div id=\"pgc-31-5-0\"  class=\"panel-grid-cell panel-grid-cell-empty\" ><\/div><\/div><\/div><\/div>","protected":false},"excerpt":{"rendered":"<p>Unsere Masseure<\/p>\n","protected":false},"author":1,"featured_media":0,"parent":0,"menu_order":0,"comment_status":"closed","ping_status":"closed","template":"","meta":{"_acf_changed":false,"footnotes":""},"class_list":["post-31","page","type-page","status-publish","hentry"],"acf":[],"yoast_head":"<!-- This site is optimized with the Yoast SEO plugin v27.3 - https:\/\/yoast.com\/product\/yoast-seo-wordpress\/ -->\n<title>Erfahren Sie mehr \u00fcber unsere Masseure | VS Thaimassage Wegberg<\/title>\n<meta name=\"description\" content=\"Lernen Sie mehr \u00fcber unsere Masseure und erfahren Sie was uns t\u00e4glich inspiriert Verspannungen zu l\u00f6sen und f\u00fcr Wohlbefinden zu sorgen.\" \/>\n<meta name=\"robots\" content=\"index, follow, max-snippet:-1, max-image-preview:large, max-video-preview:-1\" \/>\n<link rel=\"canonical\" href=\"https:\/\/vs-thaimassage.de\/ueber-uns\/\" \/>\n<meta property=\"og:locale\" content=\"nl_NL\" \/>\n<meta property=\"og:type\" content=\"article\" \/>\n<meta property=\"og:title\" content=\"Erfahren Sie mehr \u00fcber unsere Masseure | VS Thaimassage Wegberg\" \/>\n<meta property=\"og:description\" content=\"Lernen Sie mehr \u00fcber unsere Masseure und erfahren Sie was uns t\u00e4glich inspiriert Verspannungen zu l\u00f6sen und f\u00fcr Wohlbefinden zu sorgen.\" \/>\n<meta property=\"og:url\" content=\"https:\/\/vs-thaimassage.de\/ueber-uns\/\" \/>\n<meta property=\"og:site_name\" content=\"VS Thaimassage\" \/>\n<meta property=\"article:modified_time\" content=\"2022-12-02T09:03:28+00:00\" \/>\n<meta name=\"twitter:card\" content=\"summary_large_image\" \/>\n<meta name=\"twitter:label1\" content=\"Geschatte leestijd\" \/>\n\t<meta name=\"twitter:data1\" content=\"1 minuut\" \/>\n<script type=\"application\/ld+json\" class=\"yoast-schema-graph\">{\"@context\":\"https:\\\/\\\/schema.org\",\"@graph\":[{\"@type\":\"WebPage\",\"@id\":\"https:\\\/\\\/vs-thaimassage.de\\\/ueber-uns\\\/\",\"url\":\"https:\\\/\\\/vs-thaimassage.de\\\/ueber-uns\\\/\",\"name\":\"Erfahren Sie mehr \u00fcber unsere Masseure | VS Thaimassage Wegberg\",\"isPartOf\":{\"@id\":\"https:\\\/\\\/vs-thaimassage.de\\\/#website\"},\"datePublished\":\"2018-08-15T14:19:52+00:00\",\"dateModified\":\"2022-12-02T09:03:28+00:00\",\"description\":\"Lernen Sie mehr \u00fcber unsere Masseure und erfahren Sie was uns t\u00e4glich inspiriert Verspannungen zu l\u00f6sen und f\u00fcr Wohlbefinden zu sorgen.\",\"breadcrumb\":{\"@id\":\"https:\\\/\\\/vs-thaimassage.de\\\/ueber-uns\\\/#breadcrumb\"},\"inLanguage\":\"nl-NL\",\"potentialAction\":[{\"@type\":\"ReadAction\",\"target\":[\"https:\\\/\\\/vs-thaimassage.de\\\/ueber-uns\\\/\"]}]},{\"@type\":\"BreadcrumbList\",\"@id\":\"https:\\\/\\\/vs-thaimassage.de\\\/ueber-uns\\\/#breadcrumb\",\"itemListElement\":[{\"@type\":\"ListItem\",\"position\":1,\"name\":\"Frontpagina\",\"item\":\"https:\\\/\\\/vs-thaimassage.de\\\/nl\\\/\"},{\"@type\":\"ListItem\",\"position\":2,\"name\":\"\u00dcber Uns\"}]},{\"@type\":\"WebSite\",\"@id\":\"https:\\\/\\\/vs-thaimassage.de\\\/#website\",\"url\":\"https:\\\/\\\/vs-thaimassage.de\\\/\",\"name\":\"VS Thaimassage\",\"description\":\"Uw Thaise massagesalon van Wegberg\",\"publisher\":{\"@id\":\"https:\\\/\\\/vs-thaimassage.de\\\/#organization\"},\"potentialAction\":[{\"@type\":\"SearchAction\",\"target\":{\"@type\":\"EntryPoint\",\"urlTemplate\":\"https:\\\/\\\/vs-thaimassage.de\\\/?s={search_term_string}\"},\"query-input\":{\"@type\":\"PropertyValueSpecification\",\"valueRequired\":true,\"valueName\":\"search_term_string\"}}],\"inLanguage\":\"nl-NL\"},{\"@type\":\"Organization\",\"@id\":\"https:\\\/\\\/vs-thaimassage.de\\\/#organization\",\"name\":\"VS Thaimassage\",\"url\":\"https:\\\/\\\/vs-thaimassage.de\\\/\",\"logo\":{\"@type\":\"ImageObject\",\"inLanguage\":\"nl-NL\",\"@id\":\"https:\\\/\\\/vs-thaimassage.de\\\/#\\\/schema\\\/logo\\\/image\\\/\",\"url\":\"https:\\\/\\\/vs-thaimassage.de\\\/wp-content\\\/uploads\\\/2018\\\/09\\\/logo_xs.svg\",\"contentUrl\":\"https:\\\/\\\/vs-thaimassage.de\\\/wp-content\\\/uploads\\\/2018\\\/09\\\/logo_xs.svg\",\"width\":150,\"height\":149,\"caption\":\"VS Thaimassage\"},\"image\":{\"@id\":\"https:\\\/\\\/vs-thaimassage.de\\\/#\\\/schema\\\/logo\\\/image\\\/\"}}]}<\/script>\n<!-- \/ Yoast SEO plugin. -->","yoast_head_json":{"title":"Erfahren Sie mehr \u00fcber unsere Masseure | VS Thaimassage Wegberg","description":"Lernen Sie mehr \u00fcber unsere Masseure und erfahren Sie was uns t\u00e4glich inspiriert Verspannungen zu l\u00f6sen und f\u00fcr Wohlbefinden zu sorgen.","robots":{"index":"index","follow":"follow","max-snippet":"max-snippet:-1","max-image-preview":"max-image-preview:large","max-video-preview":"max-video-preview:-1"},"canonical":"https:\/\/vs-thaimassage.de\/ueber-uns\/","og_locale":"nl_NL","og_type":"article","og_title":"Erfahren Sie mehr \u00fcber unsere Masseure | VS Thaimassage Wegberg","og_description":"Lernen Sie mehr \u00fcber unsere Masseure und erfahren Sie was uns t\u00e4glich inspiriert Verspannungen zu l\u00f6sen und f\u00fcr Wohlbefinden zu sorgen.","og_url":"https:\/\/vs-thaimassage.de\/ueber-uns\/","og_site_name":"VS Thaimassage","article_modified_time":"2022-12-02T09:03:28+00:00","twitter_card":"summary_large_image","twitter_misc":{"Geschatte leestijd":"1 minuut"},"schema":{"@context":"https:\/\/schema.org","@graph":[{"@type":"WebPage","@id":"https:\/\/vs-thaimassage.de\/ueber-uns\/","url":"https:\/\/vs-thaimassage.de\/ueber-uns\/","name":"Erfahren Sie mehr \u00fcber unsere Masseure | VS Thaimassage Wegberg","isPartOf":{"@id":"https:\/\/vs-thaimassage.de\/#website"},"datePublished":"2018-08-15T14:19:52+00:00","dateModified":"2022-12-02T09:03:28+00:00","description":"Lernen Sie mehr \u00fcber unsere Masseure und erfahren Sie was uns t\u00e4glich inspiriert Verspannungen zu l\u00f6sen und f\u00fcr Wohlbefinden zu sorgen.","breadcrumb":{"@id":"https:\/\/vs-thaimassage.de\/ueber-uns\/#breadcrumb"},"inLanguage":"nl-NL","potentialAction":[{"@type":"ReadAction","target":["https:\/\/vs-thaimassage.de\/ueber-uns\/"]}]},{"@type":"BreadcrumbList","@id":"https:\/\/vs-thaimassage.de\/ueber-uns\/#breadcrumb","itemListElement":[{"@type":"ListItem","position":1,"name":"Frontpagina","item":"https:\/\/vs-thaimassage.de\/nl\/"},{"@type":"ListItem","position":2,"name":"\u00dcber Uns"}]},{"@type":"WebSite","@id":"https:\/\/vs-thaimassage.de\/#website","url":"https:\/\/vs-thaimassage.de\/","name":"VS Thaimassage","description":"Uw Thaise massagesalon van Wegberg","publisher":{"@id":"https:\/\/vs-thaimassage.de\/#organization"},"potentialAction":[{"@type":"SearchAction","target":{"@type":"EntryPoint","urlTemplate":"https:\/\/vs-thaimassage.de\/?s={search_term_string}"},"query-input":{"@type":"PropertyValueSpecification","valueRequired":true,"valueName":"search_term_string"}}],"inLanguage":"nl-NL"},{"@type":"Organization","@id":"https:\/\/vs-thaimassage.de\/#organization","name":"VS Thaimassage","url":"https:\/\/vs-thaimassage.de\/","logo":{"@type":"ImageObject","inLanguage":"nl-NL","@id":"https:\/\/vs-thaimassage.de\/#\/schema\/logo\/image\/","url":"https:\/\/vs-thaimassage.de\/wp-content\/uploads\/2018\/09\/logo_xs.svg","contentUrl":"https:\/\/vs-thaimassage.de\/wp-content\/uploads\/2018\/09\/logo_xs.svg","width":150,"height":149,"caption":"VS Thaimassage"},"image":{"@id":"https:\/\/vs-thaimassage.de\/#\/schema\/logo\/image\/"}}]}},"_links":{"self":[{"href":"https:\/\/vs-thaimassage.de\/nl\/wp-json\/wp\/v2\/pages\/31","targetHints":{"allow":["GET"]}}],"collection":[{"href":"https:\/\/vs-thaimassage.de\/nl\/wp-json\/wp\/v2\/pages"}],"about":[{"href":"https:\/\/vs-thaimassage.de\/nl\/wp-json\/wp\/v2\/types\/page"}],"author":[{"embeddable":true,"href":"https:\/\/vs-thaimassage.de\/nl\/wp-json\/wp\/v2\/users\/1"}],"replies":[{"embeddable":true,"href":"https:\/\/vs-thaimassage.de\/nl\/wp-json\/wp\/v2\/comments?post=31"}],"version-history":[{"count":5,"href":"https:\/\/vs-thaimassage.de\/nl\/wp-json\/wp\/v2\/pages\/31\/revisions"}],"predecessor-version":[{"id":67592,"href":"https:\/\/vs-thaimassage.de\/nl\/wp-json\/wp\/v2\/pages\/31\/revisions\/67592"}],"wp:attachment":[{"href":"https:\/\/vs-thaimassage.de\/nl\/wp-json\/wp\/v2\/media?parent=31"}],"curies":[{"name":"wp","href":"https:\/\/api.w.org\/{rel}","templated":true}]}}